{"id":12403,"date":"2020-10-27T14:14:00","date_gmt":"2020-10-27T13:14:00","guid":{"rendered":"https:\/\/ptx-hub.org\/?page_id=12403"},"modified":"2023-05-16T15:59:21","modified_gmt":"2023-05-16T13:59:21","slug":"pth-hub-en-argentina","status":"publish","type":"page","link":"https:\/\/ptx-hub.org\/es\/pth-hub-en-argentina\/","title":{"rendered":"PtH Hub en Argentina"},"content":{"rendered":"\t\t<div data-elementor-type=\"wp-page\" data-elementor-id=\"12403\" class=\"elementor elementor-12403 elementor-5715\" data-elementor-settings=\"[]\">\n\t\t\t\t\t\t<div class=\"elementor-inner\">\n\t\t\t\t\t\t\t<div class=\"elementor-section-wrap\">\n\t\t\t\t\t\t\t<section class=\"elementor-section elementor-top-section elementor-element elementor-element-62a72e7 elementor-section-boxed elementor-section-height-default elementor-section-height-default\" data-id=\"62a72e7\" data-element_type=\"section\">\n\t\t\t\t\t\t<div class=\"elementor-container elementor-column-gap-default\">\n\t\t\t\t\t\t\t<div class=\"elementor-row\">\n\t\t\t\t\t<div class=\"elementor-column elementor-col-100 elementor-top-column elementor-element elementor-element-88a6de7\" data-id=\"88a6de7\" data-element_type=\"column\">\n\t\t\t<div class=\"elementor-column-wrap elementor-element-populated\">\n\t\t\t\t\t\t\t<div class=\"elementor-widget-wrap\">\n\t\t\t\t\t\t<div class=\"elementor-element elementor-element-25195f9 elementor-widget elementor-widget-heading\" data-id=\"25195f9\" data-element_type=\"widget\" data-widget_type=\"heading.default\">\n\t\t\t\t<div class=\"elementor-widget-container\">\n\t\t\t<h1 class=\"elementor-heading-title elementor-size-default\">PtX Hub en Argentina <\/h1>\t\t<\/div>\n\t\t\t\t<\/div>\n\t\t\t\t<div class=\"elementor-element elementor-element-2b02f30 elementor-widget elementor-widget-heading\" data-id=\"2b02f30\" data-element_type=\"widget\" data-widget_type=\"heading.default\">\n\t\t\t\t<div class=\"elementor-widget-container\">\n\t\t\t<h2 class=\"elementor-heading-title elementor-size-default\">Acelerando las rutas de desfosilizaci\u00f3n a largo plazo a trav\u00e9s de Power-to-X en Argentina<\/h2>\t\t<\/div>\n\t\t\t\t<\/div>\n\t\t\t\t\t\t<\/div>\n\t\t\t\t\t<\/div>\n\t\t<\/div>\n\t\t\t\t\t\t\t\t<\/div>\n\t\t\t\t\t<\/div>\n\t\t<\/section>\n\t\t\t\t<section class=\"elementor-section elementor-top-section elementor-element elementor-element-48e462c elementor-section-boxed elementor-section-height-default elementor-section-height-default\" data-id=\"48e462c\" data-element_type=\"section\">\n\t\t\t\t\t\t<div class=\"elementor-container elementor-column-gap-default\">\n\t\t\t\t\t\t\t<div class=\"elementor-row\">\n\t\t\t\t\t<div class=\"elementor-column elementor-col-100 elementor-top-column elementor-element elementor-element-f3de735\" data-id=\"f3de735\" data-element_type=\"column\">\n\t\t\t<div class=\"elementor-column-wrap elementor-element-populated\">\n\t\t\t\t\t\t\t<div class=\"elementor-widget-wrap\">\n\t\t\t\t\t\t<div class=\"elementor-element elementor-element-f4026a9 elementor-widget elementor-widget-text-editor\" data-id=\"f4026a9\" data-element_type=\"widget\" data-widget_type=\"text-editor.default\">\n\t\t\t\t<div class=\"elementor-widget-container\">\n\t\t\t\t\t<div class=\"elementor-text-editor elementor-clearfix\"><p>\u00a0<\/p>\n<p>Los combustibles sint\u00e9ticos y los productos qu\u00edmicos basados en energ\u00edas renovables ofrecen una oportunidad prometedora para que Argentina acelere su desarrollo econ\u00f3mico. Gracias a su potencial para producir energ\u00edas renovables, el pa\u00eds andinolatinoamericano tiene la capacidad para desarrollar mercados de Power-to-X (PtX) sostenibles, reducir la dependencia de las importaciones y crear beneficios socioecon\u00f3micos a trav\u00e9s de tecnolog\u00eda innovadora.<\/p>\n<p><strong>\u00bfPor qu\u00e9 Argentina?<\/strong> Argentina es el segundo pa\u00eds m\u00e1s grande de Am\u00e9rica del Sur y cuenta con abundantes recursos a su disposici\u00f3n. El norte del pa\u00eds se caracteriza por una alta radiaci\u00f3n solar, mientras que hacia el sur, en la Patagonia, es la calidad del viento lo que se encuentra muy por encima del promedio mundial. Dado el nivel de desarrollo industrial, Argentina cuenta con mano de obra capacitada, prestigiosos investigadores y acad\u00e9micos dedicados al I+D, y un amplio entramado productivo que utiliza tecnolog\u00edas innovadoras. Con respecto a la producci\u00f3n de hidr\u00f3geno, ya existe un mercado nacional de hidr\u00f3geno, utilizado por la industria sider\u00fargica y las refiner\u00edas para la producci\u00f3n de amon\u00edaco y metanol; en cuanto a infraestructura, existe una extensa red de gasoductos que se extiende a lo largo de 16.000 km.<\/p>\n<p>Adem\u00e1s de contar con los recursos naturales, capacidades e infraestructuras, los organismos de toma de decisiones pol\u00edticas argentinos est\u00e1n profundamente interesados en promover la econom\u00eda de hidr\u00f3geno para alcanzar sus objetivos clim\u00e1ticos. Argentina forma parte de numerosos acuerdos internacionales para combatir el cambio clim\u00e1tico y adaptarse a sus efectos, y reconoce al hidr\u00f3geno como un elemento clave para su desarrollo econ\u00f3mico, raz\u00f3n ya cuenta con pol\u00edticas nacionales para aumentar su capacidad de producci\u00f3n de energ\u00eda renovable. Actualmente est\u00e1 sentando las bases para desarrollar una Estrategia Nacional de Hidr\u00f3geno, y ha institucionalizado una Mesa Interministerial de Hidr\u00f3geno.<\/p><\/div>\n\t\t\t\t<\/div>\n\t\t\t\t<\/div>\n\t\t\t\t\t\t<\/div>\n\t\t\t\t\t<\/div>\n\t\t<\/div>\n\t\t\t\t\t\t\t\t<\/div>\n\t\t\t\t\t<\/div>\n\t\t<\/section>\n\t\t\t\t<section class=\"elementor-section elementor-top-section elementor-element elementor-element-6479b9b elementor-section-boxed elementor-section-height-default elementor-section-height-default\" data-id=\"6479b9b\" data-element_type=\"section\">\n\t\t\t\t\t\t<div class=\"elementor-container elementor-column-gap-default\">\n\t\t\t\t\t\t\t<div class=\"elementor-row\">\n\t\t\t\t\t<div class=\"elementor-column elementor-col-100 elementor-top-column elementor-element elementor-element-2765d46\" data-id=\"2765d46\" data-element_type=\"column\">\n\t\t\t<div class=\"elementor-column-wrap elementor-element-populated\">\n\t\t\t\t\t\t\t<div class=\"elementor-widget-wrap\">\n\t\t\t\t\t\t<div class=\"elementor-element elementor-element-2931ded elementor-pagination-position-outside elementor-widget elementor-widget-image-carousel\" data-id=\"2931ded\" data-element_type=\"widget\" data-settings=\"{&quot;slides_to_show&quot;:&quot;1&quot;,&quot;navigation&quot;:&quot;dots&quot;,&quot;autoplay&quot;:&quot;yes&quot;,&quot;pause_on_hover&quot;:&quot;yes&quot;,&quot;pause_on_interaction&quot;:&quot;yes&quot;,&quot;autoplay_speed&quot;:5000,&quot;infinite&quot;:&quot;yes&quot;,&quot;effect&quot;:&quot;slide&quot;,&quot;speed&quot;:500}\" data-widget_type=\"image-carousel.default\">\n\t\t\t\t<div class=\"elementor-widget-container\">\n\t\t\t\t\t<div class=\"elementor-image-carousel-wrapper swiper-container\" dir=\"ltr\">\n\t\t\t<div class=\"elementor-image-carousel swiper-wrapper swiper-image-stretch\">\n\t\t\t\t<div class=\"swiper-slide\"><figure class=\"swiper-slide-inner\"><img class=\"swiper-slide-image\" src=\"https:\/\/ptx-hub.org\/wp-content\/uploads\/2022\/01\/Cauchari-1.jpeg\" alt=\"Cauchari Solar Plant in Cauchari, Jujuy Province. Copyright by JEMSE\" \/><figcaption class=\"elementor-image-carousel-caption\">Cauchari Solar Plant in Cauchari, Jujuy Province. Copyright by JEMSE<\/figcaption><\/figure><\/div><div class=\"swiper-slide\"><figure class=\"swiper-slide-inner\"><img class=\"swiper-slide-image\" src=\"https:\/\/ptx-hub.org\/wp-content\/uploads\/2022\/01\/Cauchari2.jpeg\" alt=\"Cauchari Solar Plant in Cauchari, Jujuy Province. Copyright by JEMSE\" \/><figcaption class=\"elementor-image-carousel-caption\">Cauchari Solar Plant in Cauchari, Jujuy Province. Copyright by JEMSE<\/figcaption><\/figure><\/div><div class=\"swiper-slide\"><figure class=\"swiper-slide-inner\"><img class=\"swiper-slide-image\" src=\"https:\/\/ptx-hub.org\/wp-content\/uploads\/2022\/01\/Cauchari-1024x682.jpeg\" alt=\"Cauchari Solar Plant in Cauchari, Jujuy Province. Copyright by JEMSE\" \/><figcaption class=\"elementor-image-carousel-caption\">Cauchari Solar Plant in Cauchari, Jujuy Province. Copyright by JEMSE<\/figcaption><\/figure><\/div>\t\t\t<\/div>\n\t\t\t\t\t\t\t\t\t\t\t\t<div class=\"swiper-pagination\"><\/div>\n\t\t\t\t\t\t\t\t\t\t\t\t\t<\/div>\n\t\t\t\t<\/div>\n\t\t\t\t<\/div>\n\t\t\t\t<div class=\"elementor-element elementor-element-ebda4af elementor-widget elementor-widget-text-editor\" data-id=\"ebda4af\" data-element_type=\"widget\" data-widget_type=\"text-editor.default\">\n\t\t\t\t<div class=\"elementor-widget-container\">\n\t\t\t\t\t<div class=\"elementor-text-editor elementor-clearfix\"><h3>En Argentina, el PtX Hub desarrolla las siguientes l\u00edneas de trabajo<\/h3><p><strong>1. Desarrollo de Escenarios de Asignaci\u00f3n para productos PtX<\/strong><\/p><ul><li>Mediante la modelaci\u00f3n del sistema energ\u00e9tico del pa\u00eds y desarrollando escenarios detallados de transici\u00f3n energ\u00e9tica para Argentina hasta el 2050, con el fin de informar c\u00f3mo el uso del hidr\u00f3geno verde y las aplicaciones PtX pueden contribuir a la descarbonizaci\u00f3n de los sistemas de energ\u00eda, de transporte e industriales en el pa\u00eds<\/li><li>Analizando diversas alternativas para la asignaci\u00f3n de productos PtX, como por ejemplo, el hidr\u00f3geno como insumo para la producci\u00f3n de productos qu\u00edmicos y acero para la exportaci\u00f3n<\/li><li>Desarrollando recomendaciones sobre c\u00f3mo integrar los resultados en estrategias sectoriales<\/li><\/ul><p><strong>2. Elaboraci\u00f3n de Estudios t\u00e9cnicos<\/strong><\/p><ul><li>Examinando los posibles impactos socioecon\u00f3micos de una transici\u00f3n energ\u00e9tica hacia el hidr\u00f3geno<\/li><li>Analizando las adaptaciones en infraestructura local requeridas para producir y exportar hidr\u00f3geno y PtX<\/li><li>Analizando posibles fuentes de carbono para PtX<\/li><\/ul><p><strong>3. Elaboraci\u00f3n de recomendaciones sobre el marco regulatorio y pol\u00edticas p\u00fablicas \u00a0<\/strong><\/p><ul><li>Analizando el marco regulatorio y brindando recomendaciones para la elaboraci\u00f3n de la Estrategia Nacional del Hidr\u00f3geno<\/li><\/ul><p><strong>4. Apoyo a las instituciones locales en el campo de PtX para promover el desarrollo de un mercado de hidr\u00f3geno y PtX<\/strong><\/p><ul><li>Fortaleciendo las capacidades en Power-to-X e hidr\u00f3geno verde<\/li><\/ul><p><strong>5. Promoci\u00f3n de di\u00e1logos intersectoriales y regionales<\/strong><\/p><ul><li>Conectando actores relevantes de los \u00e1mbitos acad\u00e9mico, econ\u00f3mico y de la sociedad civil<\/li><li>Integrando conocimientos e intercambiando experiencias a trav\u00e9s de la plataforma regional <a href=\"https:\/\/h2lac.org\/\">H2lac<\/a><\/li><\/ul><p>Si est\u00e1 interesado en obtener m\u00e1s informaci\u00f3n sobre el trabajo de PtX Hub en Argentina, comun\u00edquese con <a href=\"claudia.ilting@giz.de\">Claudia Ilting<\/a>. Para obtener informaci\u00f3n general sobre la contribuci\u00f3n de Agora Energiewende, haga <a href=\"https:\/\/www.agora-energiewende.de\/en\/projects\/ptx-hub\/\">clic aqu\u00ed<\/a>.<\/p><\/div>\n\t\t\t\t<\/div>\n\t\t\t\t<\/div>\n\t\t\t\t\t\t<\/div>\n\t\t\t\t\t<\/div>\n\t\t<\/div>\n\t\t\t\t\t\t\t\t<\/div>\n\t\t\t\t\t<\/div>\n\t\t<\/section>\n\t\t\t\t<section class=\"elementor-section elementor-top-section elementor-element elementor-element-3a97459 elementor-section-full_width elementor-section-stretched elementor-section-height-default elementor-section-height-default\" data-id=\"3a97459\" data-element_type=\"section\" data-settings=\"{&quot;stretch_section&quot;:&quot;section-stretched&quot;,&quot;background_background&quot;:&quot;classic&quot;}\">\n\t\t\t\t\t\t<div class=\"elementor-container elementor-column-gap-default\">\n\t\t\t\t\t\t\t<div class=\"elementor-row\">\n\t\t\t\t\t<div class=\"elementor-column elementor-col-100 elementor-top-column elementor-element elementor-element-2eba48e\" data-id=\"2eba48e\" data-element_type=\"column\">\n\t\t\t<div class=\"elementor-column-wrap elementor-element-populated\">\n\t\t\t\t\t\t\t<div class=\"elementor-widget-wrap\">\n\t\t\t\t\t\t<section class=\"elementor-section elementor-inner-section elementor-element elementor-element-790b642 elementor-section-boxed elementor-section-height-default elementor-section-height-default\" data-id=\"790b642\" data-element_type=\"section\">\n\t\t\t\t\t\t<div class=\"elementor-container elementor-column-gap-default\">\n\t\t\t\t\t\t\t<div class=\"elementor-row\">\n\t\t\t\t\t<div class=\"elementor-column elementor-col-100 elementor-inner-column elementor-element elementor-element-7bc5909\" data-id=\"7bc5909\" data-element_type=\"column\">\n\t\t\t<div class=\"elementor-column-wrap elementor-element-populated\">\n\t\t\t\t\t\t\t<div class=\"elementor-widget-wrap\">\n\t\t\t\t\t\t<div class=\"elementor-element elementor-element-477dab9 elementor-widget elementor-widget-heading\" data-id=\"477dab9\" data-element_type=\"widget\" data-widget_type=\"heading.default\">\n\t\t\t\t<div class=\"elementor-widget-container\">\n\t\t\t<h2 class=\"elementor-heading-title elementor-size-default\">News<\/h2>\t\t<\/div>\n\t\t\t\t<\/div>\n\t\t\t\t<div class=\"elementor-element elementor-element-2b27b68 elementor-widget elementor-widget-shortcode\" data-id=\"2b27b68\" data-element_type=\"widget\" data-widget_type=\"shortcode.default\">\n\t\t\t\t<div class=\"elementor-widget-container\">\n\t\t\t\t\t<div class=\"elementor-shortcode\"><div id=\"ajax-load-more\" class=\"ajax-load-more-wrap default\" data-id=\"newsevent-project\" data-alm-id=\"\" data-canonical-url=\"https:\/\/ptx-hub.org\/es\/pth-hub-en-argentina\/\" data-slug=\"pth-hub-en-argentina\" data-post-id=\"12403\"  data-localized=\"ajax_load_more_newsevent_project_vars\"><div aria-live=\"polite\" aria-atomic=\"true\" class=\"alm-listing alm-ajax\" data-container-type=\"div\" data-archive=\"true\" data-repeater=\"default\" data-post-type=\"post\" data-category=\"news,event\" data-taxonomy=\"ptxproject\" data-taxonomy-terms=\"ptx-hub-in-argentina\" data-taxonomy-operator=\"IN\" data-order=\"DESC\" data-orderby=\"date\" data-offset=\"0\" data-posts-per-page=\"4\" data-lang=\"es\" data-scroll=\"true\" data-scroll-distance=\"100\" data-max-pages=\"0\" data-pause-override=\"false\" data-pause=\"false\" data-button-label=\"More news &amp; events\"><\/div><div class=\"alm-btn-wrap\" style=\"visibility: hidden;\"><button class=\"alm-load-more-btn more \" rel=\"next\">More news &amp; events<\/button><\/div><\/div><\/div>\n\t\t\t\t<\/div>\n\t\t\t\t<\/div>\n\t\t\t\t\t\t<\/div>\n\t\t\t\t\t<\/div>\n\t\t<\/div>\n\t\t\t\t\t\t\t\t<\/div>\n\t\t\t\t\t<\/div>\n\t\t<\/section>\n\t\t\t\t\t\t<\/div>\n\t\t\t\t\t<\/div>\n\t\t<\/div>\n\t\t\t\t\t\t\t\t<\/div>\n\t\t\t\t\t<\/div>\n\t\t<\/section>\n\t\t\t\t\t\t<\/div>\n\t\t\t\t\t\t<\/div>\n\t\t\t\t\t<\/div>\n\t\t","protected":false},"excerpt":{"rendered":"<p>PtX Hub en Argentina Acelerando las rutas de desfosilizaci\u00f3n a largo plazo a trav\u00e9s de Power-to-X en Argentina Los combustibles &#8230; <a title=\"PtH Hub en Argentina\" class=\"read-more\" href=\"https:\/\/ptx-hub.org\/es\/pth-hub-en-argentina\/\" aria-label=\"M\u00e1s en PtH Hub en Argentina\">Beitrag lesen<\/a><\/p>\n","protected":false},"author":17,"featured_media":8652,"parent":0,"menu_order":0,"comment_status":"closed","ping_status":"closed","template":"","meta":[],"tags":[],"projectprogress":[],"ptxproject":[130],"ptxcountry":[],"yoast_head":"<!-- This site is optimized with the Yoast SEO plugin v16.0.2 - https:\/\/yoast.com\/wordpress\/plugins\/seo\/ -->\n<title>PtH Hub en Argentina - PtX Hub<\/title>\n<meta name=\"robots\" content=\"index, follow, max-snippet:-1, max-image-preview:large, max-video-preview:-1\" \/>\n<link rel=\"canonical\" href=\"https:\/\/ptx-hub.org\/es\/pth-hub-en-argentina\/\" \/>\n<meta property=\"og:locale\" content=\"es_ES\" \/>\n<meta property=\"og:type\" content=\"article\" \/>\n<meta property=\"og:title\" content=\"PtH Hub en Argentina - PtX Hub\" \/>\n<meta property=\"og:description\" content=\"PtX Hub en Argentina Acelerando las rutas de desfosilizaci\u00f3n a largo plazo a trav\u00e9s de Power-to-X en Argentina Los combustibles ... Beitrag lesen\" \/>\n<meta property=\"og:url\" content=\"https:\/\/ptx-hub.org\/es\/pth-hub-en-argentina\/\" \/>\n<meta property=\"og:site_name\" content=\"PtX Hub\" \/>\n<meta property=\"article:modified_time\" content=\"2023-05-16T13:59:21+00:00\" \/>\n<meta property=\"og:image\" content=\"https:\/\/ptx-hub.org\/wp-content\/uploads\/2022\/07\/PtX-Hub-Argentina-Icon-1024x683.png\" \/>\n\t<meta property=\"og:image:width\" content=\"1024\" \/>\n\t<meta property=\"og:image:height\" content=\"683\" \/>\n<meta name=\"twitter:card\" content=\"summary_large_image\" \/>\n<meta name=\"twitter:label1\" content=\"Tiempo de lectura\">\n\t<meta name=\"twitter:data1\" content=\"4 minutos\">\n<script type=\"application\/ld+json\" class=\"yoast-schema-graph\">{\"@context\":\"https:\/\/schema.org\",\"@graph\":[{\"@type\":\"Organization\",\"@id\":\"https:\/\/ptx-hub.org\/#organization\",\"name\":\"International PtX Hub Berlin\",\"url\":\"https:\/\/ptx-hub.org\/\",\"sameAs\":[],\"logo\":{\"@type\":\"ImageObject\",\"@id\":\"https:\/\/ptx-hub.org\/#logo\",\"inLanguage\":\"es\",\"url\":\"https:\/\/ptx-hub.org\/wp-content\/uploads\/2020\/07\/PtX-Hub-logo-1.svg\",\"width\":237,\"height\":121,\"caption\":\"International PtX Hub Berlin\"},\"image\":{\"@id\":\"https:\/\/ptx-hub.org\/#logo\"}},{\"@type\":\"WebSite\",\"@id\":\"https:\/\/ptx-hub.org\/#website\",\"url\":\"https:\/\/ptx-hub.org\/\",\"name\":\"International PtX Hub Berlin\",\"description\":\"Catalysing defossilisation globally\",\"publisher\":{\"@id\":\"https:\/\/ptx-hub.org\/#organization\"},\"potentialAction\":[{\"@type\":\"SearchAction\",\"target\":\"https:\/\/ptx-hub.org\/?s={search_term_string}\",\"query-input\":\"required name=search_term_string\"}],\"inLanguage\":\"es\"},{\"@type\":\"ImageObject\",\"@id\":\"https:\/\/ptx-hub.org\/es\/pth-hub-en-argentina\/#primaryimage\",\"inLanguage\":\"es\",\"url\":\"https:\/\/ptx-hub.org\/wp-content\/uploads\/2022\/07\/PtX-Hub-Argentina-Icon.png\",\"width\":3005,\"height\":2003},{\"@type\":\"WebPage\",\"@id\":\"https:\/\/ptx-hub.org\/es\/pth-hub-en-argentina\/#webpage\",\"url\":\"https:\/\/ptx-hub.org\/es\/pth-hub-en-argentina\/\",\"name\":\"PtH Hub en Argentina - PtX Hub\",\"isPartOf\":{\"@id\":\"https:\/\/ptx-hub.org\/#website\"},\"primaryImageOfPage\":{\"@id\":\"https:\/\/ptx-hub.org\/es\/pth-hub-en-argentina\/#primaryimage\"},\"datePublished\":\"2020-10-27T13:14:00+00:00\",\"dateModified\":\"2023-05-16T13:59:21+00:00\",\"breadcrumb\":{\"@id\":\"https:\/\/ptx-hub.org\/es\/pth-hub-en-argentina\/#breadcrumb\"},\"inLanguage\":\"es\",\"potentialAction\":[{\"@type\":\"ReadAction\",\"target\":[\"https:\/\/ptx-hub.org\/es\/pth-hub-en-argentina\/\"]}]},{\"@type\":\"BreadcrumbList\",\"@id\":\"https:\/\/ptx-hub.org\/es\/pth-hub-en-argentina\/#breadcrumb\",\"itemListElement\":[{\"@type\":\"ListItem\",\"position\":1,\"item\":{\"@type\":\"WebPage\",\"@id\":\"https:\/\/ptx-hub.org\/\",\"url\":\"https:\/\/ptx-hub.org\/\",\"name\":\"Startseite\"}},{\"@type\":\"ListItem\",\"position\":2,\"item\":{\"@type\":\"WebPage\",\"@id\":\"https:\/\/ptx-hub.org\/es\/pth-hub-en-argentina\/\",\"url\":\"https:\/\/ptx-hub.org\/es\/pth-hub-en-argentina\/\",\"name\":\"PtH Hub en Argentina\"}}]}]}<\/script>\n<!-- \/ Yoast SEO plugin. -->","_links":{"self":[{"href":"https:\/\/ptx-hub.org\/es\/wp-json\/wp\/v2\/pages\/12403"}],"collection":[{"href":"https:\/\/ptx-hub.org\/es\/wp-json\/wp\/v2\/pages"}],"about":[{"href":"https:\/\/ptx-hub.org\/es\/wp-json\/wp\/v2\/types\/page"}],"author":[{"embeddable":true,"href":"https:\/\/ptx-hub.org\/es\/wp-json\/wp\/v2\/users\/17"}],"replies":[{"embeddable":true,"href":"https:\/\/ptx-hub.org\/es\/wp-json\/wp\/v2\/comments?post=12403"}],"version-history":[{"count":11,"href":"https:\/\/ptx-hub.org\/es\/wp-json\/wp\/v2\/pages\/12403\/revisions"}],"predecessor-version":[{"id":13742,"href":"https:\/\/ptx-hub.org\/es\/wp-json\/wp\/v2\/pages\/12403\/revisions\/13742"}],"wp:featuredmedia":[{"embeddable":true,"href":"https:\/\/ptx-hub.org\/es\/wp-json\/wp\/v2\/media\/8652"}],"wp:attachment":[{"href":"https:\/\/ptx-hub.org\/es\/wp-json\/wp\/v2\/media?parent=12403"}],"wp:term":[{"taxonomy":"post_tag","embeddable":true,"href":"https:\/\/ptx-hub.org\/es\/wp-json\/wp\/v2\/tags?post=12403"},{"taxonomy":"projectprogress","embeddable":true,"href":"https:\/\/ptx-hub.org\/es\/wp-json\/wp\/v2\/projectprogress?post=12403"},{"taxonomy":"ptxproject","embeddable":true,"href":"https:\/\/ptx-hub.org\/es\/wp-json\/wp\/v2\/ptxproject?post=12403"},{"taxonomy":"ptxcountry","embeddable":true,"href":"https:\/\/ptx-hub.org\/es\/wp-json\/wp\/v2\/ptxcountry?post=12403"}],"curies":[{"name":"wp","href":"https:\/\/api.w.org\/{rel}","templated":true}]}}