{"id":12433,"date":"2020-10-25T13:41:00","date_gmt":"2020-10-25T12:41:00","guid":{"rendered":"https:\/\/ptx-hub.org\/?page_id=12433"},"modified":"2023-05-24T11:15:26","modified_gmt":"2023-05-24T09:15:26","slug":"colombia","status":"publish","type":"page","link":"https:\/\/ptx-hub.org\/es\/colombia\/","title":{"rendered":"El PtX en Colombia"},"content":{"rendered":"\t\t<div data-elementor-type=\"wp-page\" data-elementor-id=\"12433\" class=\"elementor elementor-12433 elementor-9962\" data-elementor-settings=\"[]\">\n\t\t\t\t\t\t<div class=\"elementor-inner\">\n\t\t\t\t\t\t\t<div class=\"elementor-section-wrap\">\n\t\t\t\t\t\t\t<section class=\"elementor-section elementor-top-section elementor-element elementor-element-38e95c7 elementor-section-boxed elementor-section-height-default elementor-section-height-default\" data-id=\"38e95c7\" data-element_type=\"section\">\n\t\t\t\t\t\t<div class=\"elementor-container elementor-column-gap-default\">\n\t\t\t\t\t\t\t<div class=\"elementor-row\">\n\t\t\t\t\t<div class=\"elementor-column elementor-col-100 elementor-top-column elementor-element elementor-element-a1f049b\" data-id=\"a1f049b\" data-element_type=\"column\">\n\t\t\t<div class=\"elementor-column-wrap elementor-element-populated\">\n\t\t\t\t\t\t\t<div class=\"elementor-widget-wrap\">\n\t\t\t\t\t\t<div class=\"elementor-element elementor-element-5409819 elementor-widget elementor-widget-heading\" data-id=\"5409819\" data-element_type=\"widget\" data-widget_type=\"heading.default\">\n\t\t\t\t<div class=\"elementor-widget-container\">\n\t\t\t<h1 class=\"elementor-heading-title elementor-size-default\">El PtX Hub en Colombia<\/h1>\t\t<\/div>\n\t\t\t\t<\/div>\n\t\t\t\t<div class=\"elementor-element elementor-element-e3b02c2 elementor-widget elementor-widget-heading\" data-id=\"e3b02c2\" data-element_type=\"widget\" data-widget_type=\"heading.default\">\n\t\t\t\t<div class=\"elementor-widget-container\">\n\t\t\t<h2 class=\"elementor-heading-title elementor-size-default\">Aprovechar la infraestrcutura existente y la demanda de hidr\u00f3geno para impulsar la transici\u00f3n a cero emisiones<\/h2>\t\t<\/div>\n\t\t\t\t<\/div>\n\t\t\t\t\t\t<\/div>\n\t\t\t\t\t<\/div>\n\t\t<\/div>\n\t\t\t\t\t\t\t\t<\/div>\n\t\t\t\t\t<\/div>\n\t\t<\/section>\n\t\t\t\t<section class=\"elementor-section elementor-top-section elementor-element elementor-element-304ea5a elementor-section-boxed elementor-section-height-default elementor-section-height-default\" data-id=\"304ea5a\" data-element_type=\"section\">\n\t\t\t\t\t\t<div class=\"elementor-container elementor-column-gap-default\">\n\t\t\t\t\t\t\t<div class=\"elementor-row\">\n\t\t\t\t\t<div class=\"elementor-column elementor-col-100 elementor-top-column elementor-element elementor-element-654444a\" data-id=\"654444a\" data-element_type=\"column\">\n\t\t\t<div class=\"elementor-column-wrap elementor-element-populated\">\n\t\t\t\t\t\t\t<div class=\"elementor-widget-wrap\">\n\t\t\t\t\t\t<div class=\"elementor-element elementor-element-55fc660 elementor-widget elementor-widget-text-editor\" data-id=\"55fc660\" data-element_type=\"widget\" data-widget_type=\"text-editor.default\">\n\t\t\t\t<div class=\"elementor-widget-container\">\n\t\t\t\t\t<div class=\"elementor-text-editor elementor-clearfix\"><p>\u00a0<\/p>\n<p>Para alcanzar la neutralidad clim\u00e1tica en 2050, Colombia planea acelerar su desarrollo de PtX r\u00e1pidamente. La estrategia y hoja de ruta nacional del hidr\u00f3geno, publicada en septiembre de 2021, establece el ambicioso objetivo de alcanzar 1 GW de capacidad de electr\u00f3lisis para 2030. En dicha estrategia, se destina el 40% del hidr\u00f3geno bajo en carbono para uso industrial, y planea expandir la infraestructura de hidr\u00f3geno al sector del transporte, con especial foco en transporte pesado de largo recorrido.<\/p>\n<p>Cabe destacar la actividad del sector privado colombiano, liderando la investigaci\u00f3n y el desarrollo de aplicaciones de hidr\u00f3geno, y despertando as\u00ed el inter\u00e9s de inversores, quienes esperan con gran expectativa los proyectos colombianos. Sectores locales tambi\u00e9n comienzan a cooperar en PtX: Ecopetrol y el Instituto Colombiano del Petr\u00f3leo anunciaron un proyecto piloto de hidr\u00f3geno verde con una capacidad de electrolizador de 50 kW en la refiner\u00eda de Cartagena en 2022 ; La transportadora de gas natural, Promigas, inici\u00f3 con un piloto exploratorio de producci\u00f3n de hidr\u00f3geno verde y blending (mezcla) con gas natural en redes de transporte y distribuci\u00f3n, en la zona industrial de Mamonal en la ciudad de Cartagena.\u00a0<\/p>\n<p>Por otro lado, el gobierno colombiano est\u00e1 apoyando al sector privado, a trav\u00e9s de la convocatoria \u201c+H2 COLOMBIA\u201d, una iniciativa creada por el Fondo de Energ\u00edas No Convencionales y Gesti\u00f3n Eficiente de la Energ\u00eda \u2013 FENOGE, apoyada por el <strong>Ministerio de Minas y Energ\u00eda,<\/strong> la cual se suma a la materializaci\u00f3n de la Hoja de ruta del hidr\u00f3geno en Colombia. Con esta iniciativa se busca promover y fomentar el conocimiento y las aplicaciones del hidr\u00f3geno verde y azul en toda la cadena de valor en Colombia; as\u00ed mismo, busca dise\u00f1ar mecanismos de inversi\u00f3n y financiaci\u00f3n con Recursos No Reembolsables y Recursos Reembolsable que propendan por el desarrollo del mercado emergente de hidr\u00f3geno. FENOGE en conjunto con el Banco Mundial y otras agencias de cooperaci\u00f3n est\u00e1n apoyando los estudios de pre y factibilidad de las 10 iniciativas que resultaron ganadoras.<\/p>\n<p>Para un r\u00e1pido aumento de la industria PtX, Colombia puede beneficiarse todav\u00eda m\u00e1s de la infraestructura existente para el transporte y la exportaci\u00f3n de gas natural. Cartagena, en el norte del pa\u00eds, es el quinto puerto m\u00e1s grande de Am\u00e9rica Latina y tres puertos m\u00e1s conectan a Colombia con socios en la costa del Pac\u00edfico y el Caribe.<\/p><\/div>\n\t\t\t\t<\/div>\n\t\t\t\t<\/div>\n\t\t\t\t\t\t<\/div>\n\t\t\t\t\t<\/div>\n\t\t<\/div>\n\t\t\t\t\t\t\t\t<\/div>\n\t\t\t\t\t<\/div>\n\t\t<\/section>\n\t\t\t\t<section class=\"elementor-section elementor-top-section elementor-element elementor-element-8ef4b28 elementor-section-boxed elementor-section-height-default elementor-section-height-default\" data-id=\"8ef4b28\" data-element_type=\"section\">\n\t\t\t\t\t\t<div class=\"elementor-container elementor-column-gap-default\">\n\t\t\t\t\t\t\t<div class=\"elementor-row\">\n\t\t\t\t\t<div class=\"elementor-column elementor-col-100 elementor-top-column elementor-element elementor-element-f32b77c\" data-id=\"f32b77c\" data-element_type=\"column\">\n\t\t\t<div class=\"elementor-column-wrap elementor-element-populated\">\n\t\t\t\t\t\t\t<div class=\"elementor-widget-wrap\">\n\t\t\t\t\t\t<div class=\"elementor-element elementor-element-e142b25 elementor-widget elementor-widget-text-editor\" data-id=\"e142b25\" data-element_type=\"widget\" data-widget_type=\"text-editor.default\">\n\t\t\t\t<div class=\"elementor-widget-container\">\n\t\t\t\t\t<div class=\"elementor-text-editor elementor-clearfix\"><p><strong>De gris a verde: Satisfaciendo la demanda de hidr\u00f3geno de las industrias locales<\/strong><\/p>\n<p>Actualmente, m\u00e1s del 27% de la energ\u00eda colombiana proviene de fuentes de energ\u00eda renovables. El Instituto Fraunhofer predice que 200 TWh por a\u00f1o se destinar\u00e1n a la producci\u00f3n de derivados PtX para 2050.<\/p>\n<p>Mirando hacia el uso de derivados PtX, varias industrias colombianas, como la sider\u00fargica, minera y cementera, pueden beneficiarse. Las refiner\u00edas de petr\u00f3leo locales y los productores de amon\u00edaco, actualmente demandan y consumen 0,2 MtH2 de hidr\u00f3geno gris por a\u00f1o. Esta demanda podr\u00eda satisfacerse en un futuro con hidr\u00f3geno y amon\u00edaco verdes, explorando tambi\u00e9n las oportunidades de exportaci\u00f3n<\/p>\n<p>\u00a0<\/p>\n<h3>En Colombia, el PtX Hub desarrolla las siguientes l\u00edneas de trabajo<\/h3>\n<p><strong>1. Asesoramiento sobre pol\u00edticas de sostenibilidad, est\u00e1ndares y certificaci\u00f3n<\/strong><\/p>\n<ul>\n<li>Organizando conferencias, seminarios web y talleres sobre los criterios de sostenibilidad de la UE para las importaciones de hidr\u00f3geno verde, incluidas las normas de seguridad en la producci\u00f3n, el transporte y el almacenamiento de hidr\u00f3geno verde, amon\u00edaco y metanol.<\/li>\n<li>Asesorando en la integraci\u00f3n de PtX en la hoja de ruta nacional del hidr\u00f3geno y en las normas regulatorias para incorporar tecnolog\u00edas PtX.<\/li>\n<li>Desarrollando di\u00e1logos sobre marcos normativos propicios para PtX<\/li>\n<\/ul>\n<p><strong>2. Estudios sobre potencial de descarbonizaci\u00f3n de PtX, fortalecimiento de capacidades mediante formacoines y viajes de estudio sobre el PtX renovable.<\/strong><\/p>\n<ul>\n<li>Realizando PtX.Training con personal de organismos decisorios como ministerios, empresas e institutos de investigaci\u00f3n de Colombia.<\/li>\n<li>Complementando la capacitaci\u00f3n b\u00e1sica con m\u00f3dulos adicionales sobre certificaci\u00f3n, seguridad, infraestructura de transporte y marcos de pol\u00edticas.<\/li>\n<li>Llevando a cabo un programa de formaci\u00f3n de formadores con expertos locales en energ\u00eda.<\/li>\n<li>Organizando viajes de delegaciones e intercambios regionales para facilitar el intercambio de conocimientos.<\/li>\n<li>Ampliando el conocimiento y respaldando el proceso de transformaci\u00f3n con estudios sobre la infraestructura existente, posibles hubs de hidr\u00f3geno y tecnolog\u00edas PtX en Colombia, el uso de la tierra y profundizaci\u00f3n en tem\u00e1ticas espec\u00edficas relativas al hidr\u00f3geno y sus derivados.<\/li>\n<\/ul><\/div>\n\t\t\t\t<\/div>\n\t\t\t\t<\/div>\n\t\t\t\t\t\t<\/div>\n\t\t\t\t\t<\/div>\n\t\t<\/div>\n\t\t\t\t\t\t\t\t<\/div>\n\t\t\t\t\t<\/div>\n\t\t<\/section>\n\t\t\t\t<section class=\"elementor-section elementor-top-section elementor-element elementor-element-3a97459 elementor-section-full_width elementor-section-stretched elementor-section-height-default elementor-section-height-default\" data-id=\"3a97459\" data-element_type=\"section\" data-settings=\"{&quot;stretch_section&quot;:&quot;section-stretched&quot;,&quot;background_background&quot;:&quot;classic&quot;}\">\n\t\t\t\t\t\t<div class=\"elementor-container elementor-column-gap-default\">\n\t\t\t\t\t\t\t<div class=\"elementor-row\">\n\t\t\t\t\t<div class=\"elementor-column elementor-col-100 elementor-top-column elementor-element elementor-element-2eba48e\" data-id=\"2eba48e\" data-element_type=\"column\">\n\t\t\t<div class=\"elementor-column-wrap elementor-element-populated\">\n\t\t\t\t\t\t\t<div class=\"elementor-widget-wrap\">\n\t\t\t\t\t\t<section class=\"elementor-section elementor-inner-section elementor-element elementor-element-790b642 elementor-section-boxed elementor-section-height-default elementor-section-height-default\" data-id=\"790b642\" data-element_type=\"section\">\n\t\t\t\t\t\t<div class=\"elementor-container elementor-column-gap-default\">\n\t\t\t\t\t\t\t<div class=\"elementor-row\">\n\t\t\t\t\t<div class=\"elementor-column elementor-col-100 elementor-inner-column elementor-element elementor-element-7bc5909\" data-id=\"7bc5909\" data-element_type=\"column\">\n\t\t\t<div class=\"elementor-column-wrap elementor-element-populated\">\n\t\t\t\t\t\t\t<div class=\"elementor-widget-wrap\">\n\t\t\t\t\t\t<div class=\"elementor-element elementor-element-477dab9 elementor-widget elementor-widget-heading\" data-id=\"477dab9\" data-element_type=\"widget\" data-widget_type=\"heading.default\">\n\t\t\t\t<div class=\"elementor-widget-container\">\n\t\t\t<h2 class=\"elementor-heading-title elementor-size-default\">News<\/h2>\t\t<\/div>\n\t\t\t\t<\/div>\n\t\t\t\t<div class=\"elementor-element elementor-element-2b27b68 elementor-widget elementor-widget-shortcode\" data-id=\"2b27b68\" data-element_type=\"widget\" data-widget_type=\"shortcode.default\">\n\t\t\t\t<div class=\"elementor-widget-container\">\n\t\t\t\t\t<div class=\"elementor-shortcode\"><div id=\"ajax-load-more\" class=\"ajax-load-more-wrap default\" data-id=\"newsevent-project\" data-alm-id=\"\" data-canonical-url=\"https:\/\/ptx-hub.org\/es\/colombia\/\" data-slug=\"colombia\" data-post-id=\"12433\"  data-localized=\"ajax_load_more_newsevent_project_vars\"><div aria-live=\"polite\" aria-atomic=\"true\" class=\"alm-listing alm-ajax\" data-container-type=\"div\" data-archive=\"true\" data-repeater=\"default\" data-post-type=\"post\" data-category=\"news,event\" data-taxonomy=\"ptxproject\" data-taxonomy-terms=\"ptx-hub-in-argentina\" data-taxonomy-operator=\"IN\" data-order=\"DESC\" data-orderby=\"date\" data-offset=\"0\" data-posts-per-page=\"4\" data-lang=\"es\" data-scroll=\"true\" data-scroll-distance=\"100\" data-max-pages=\"0\" data-pause-override=\"false\" data-pause=\"false\" data-button-label=\"More news &amp; events\"><\/div><div class=\"alm-btn-wrap\" style=\"visibility: hidden;\"><button class=\"alm-load-more-btn more \" rel=\"next\">More news &amp; events<\/button><\/div><\/div><\/div>\n\t\t\t\t<\/div>\n\t\t\t\t<\/div>\n\t\t\t\t\t\t<\/div>\n\t\t\t\t\t<\/div>\n\t\t<\/div>\n\t\t\t\t\t\t\t\t<\/div>\n\t\t\t\t\t<\/div>\n\t\t<\/section>\n\t\t\t\t\t\t<\/div>\n\t\t\t\t\t<\/div>\n\t\t<\/div>\n\t\t\t\t\t\t\t\t<\/div>\n\t\t\t\t\t<\/div>\n\t\t<\/section>\n\t\t\t\t\t\t<\/div>\n\t\t\t\t\t\t<\/div>\n\t\t\t\t\t<\/div>\n\t\t","protected":false},"excerpt":{"rendered":"<p>El PtX Hub en Colombia Aprovechar la infraestrcutura existente y la demanda de hidr\u00f3geno para impulsar la transici\u00f3n a cero &#8230; <a title=\"El PtX en Colombia\" class=\"read-more\" href=\"https:\/\/ptx-hub.org\/es\/colombia\/\" aria-label=\"M\u00e1s en El PtX en Colombia\">Beitrag lesen<\/a><\/p>\n","protected":false},"author":17,"featured_media":10035,"parent":0,"menu_order":0,"comment_status":"closed","ping_status":"closed","template":"","meta":[],"tags":[],"projectprogress":[],"ptxproject":[232],"ptxcountry":[],"yoast_head":"<!-- This site is optimized with the Yoast SEO plugin v16.0.2 - https:\/\/yoast.com\/wordpress\/plugins\/seo\/ -->\n<title>El PtX en Colombia - PtX Hub<\/title>\n<meta name=\"robots\" content=\"index, follow, max-snippet:-1, max-image-preview:large, max-video-preview:-1\" \/>\n<link rel=\"canonical\" href=\"https:\/\/ptx-hub.org\/es\/colombia\/\" \/>\n<meta property=\"og:locale\" content=\"es_ES\" \/>\n<meta property=\"og:type\" content=\"article\" \/>\n<meta property=\"og:title\" content=\"El PtX en Colombia - PtX Hub\" \/>\n<meta property=\"og:description\" content=\"El PtX Hub en Colombia Aprovechar la infraestrcutura existente y la demanda de hidr\u00f3geno para impulsar la transici\u00f3n a cero ... Beitrag lesen\" \/>\n<meta property=\"og:url\" content=\"https:\/\/ptx-hub.org\/es\/colombia\/\" \/>\n<meta property=\"og:site_name\" content=\"PtX Hub\" \/>\n<meta property=\"article:modified_time\" content=\"2023-05-24T09:15:26+00:00\" \/>\n<meta property=\"og:image\" content=\"https:\/\/ptx-hub.org\/wp-content\/uploads\/2022\/10\/giz-foto-005-co-energie-erneuerbare-energie-windkraft.jpg\" \/>\n\t<meta property=\"og:image:width\" content=\"709\" \/>\n\t<meta property=\"og:image:height\" content=\"530\" \/>\n<meta name=\"twitter:card\" content=\"summary_large_image\" \/>\n<meta name=\"twitter:label1\" content=\"Tiempo de lectura\">\n\t<meta name=\"twitter:data1\" content=\"4 minutos\">\n<script type=\"application\/ld+json\" class=\"yoast-schema-graph\">{\"@context\":\"https:\/\/schema.org\",\"@graph\":[{\"@type\":\"Organization\",\"@id\":\"https:\/\/ptx-hub.org\/#organization\",\"name\":\"International PtX Hub Berlin\",\"url\":\"https:\/\/ptx-hub.org\/\",\"sameAs\":[],\"logo\":{\"@type\":\"ImageObject\",\"@id\":\"https:\/\/ptx-hub.org\/#logo\",\"inLanguage\":\"es\",\"url\":\"https:\/\/ptx-hub.org\/wp-content\/uploads\/2020\/07\/PtX-Hub-logo-1.svg\",\"width\":237,\"height\":121,\"caption\":\"International PtX Hub Berlin\"},\"image\":{\"@id\":\"https:\/\/ptx-hub.org\/#logo\"}},{\"@type\":\"WebSite\",\"@id\":\"https:\/\/ptx-hub.org\/#website\",\"url\":\"https:\/\/ptx-hub.org\/\",\"name\":\"International PtX Hub Berlin\",\"description\":\"Catalysing defossilisation globally\",\"publisher\":{\"@id\":\"https:\/\/ptx-hub.org\/#organization\"},\"potentialAction\":[{\"@type\":\"SearchAction\",\"target\":\"https:\/\/ptx-hub.org\/?s={search_term_string}\",\"query-input\":\"required name=search_term_string\"}],\"inLanguage\":\"es\"},{\"@type\":\"ImageObject\",\"@id\":\"https:\/\/ptx-hub.org\/es\/colombia\/#primaryimage\",\"inLanguage\":\"es\",\"url\":\"https:\/\/ptx-hub.org\/wp-content\/uploads\/2022\/10\/giz-foto-005-co-energie-erneuerbare-energie-windkraft.jpg\",\"width\":709,\"height\":530,\"caption\":\"Windenergie in Kolumbien im Windpark Jepirachi. \/ Wind energy in Colombia.\"},{\"@type\":\"WebPage\",\"@id\":\"https:\/\/ptx-hub.org\/es\/colombia\/#webpage\",\"url\":\"https:\/\/ptx-hub.org\/es\/colombia\/\",\"name\":\"El PtX en Colombia - PtX Hub\",\"isPartOf\":{\"@id\":\"https:\/\/ptx-hub.org\/#website\"},\"primaryImageOfPage\":{\"@id\":\"https:\/\/ptx-hub.org\/es\/colombia\/#primaryimage\"},\"datePublished\":\"2020-10-25T12:41:00+00:00\",\"dateModified\":\"2023-05-24T09:15:26+00:00\",\"breadcrumb\":{\"@id\":\"https:\/\/ptx-hub.org\/es\/colombia\/#breadcrumb\"},\"inLanguage\":\"es\",\"potentialAction\":[{\"@type\":\"ReadAction\",\"target\":[\"https:\/\/ptx-hub.org\/es\/colombia\/\"]}]},{\"@type\":\"BreadcrumbList\",\"@id\":\"https:\/\/ptx-hub.org\/es\/colombia\/#breadcrumb\",\"itemListElement\":[{\"@type\":\"ListItem\",\"position\":1,\"item\":{\"@type\":\"WebPage\",\"@id\":\"https:\/\/ptx-hub.org\/\",\"url\":\"https:\/\/ptx-hub.org\/\",\"name\":\"Startseite\"}},{\"@type\":\"ListItem\",\"position\":2,\"item\":{\"@type\":\"WebPage\",\"@id\":\"https:\/\/ptx-hub.org\/es\/colombia\/\",\"url\":\"https:\/\/ptx-hub.org\/es\/colombia\/\",\"name\":\"El PtX en Colombia\"}}]}]}<\/script>\n<!-- \/ Yoast SEO plugin. -->","_links":{"self":[{"href":"https:\/\/ptx-hub.org\/es\/wp-json\/wp\/v2\/pages\/12433"}],"collection":[{"href":"https:\/\/ptx-hub.org\/es\/wp-json\/wp\/v2\/pages"}],"about":[{"href":"https:\/\/ptx-hub.org\/es\/wp-json\/wp\/v2\/types\/page"}],"author":[{"embeddable":true,"href":"https:\/\/ptx-hub.org\/es\/wp-json\/wp\/v2\/users\/17"}],"replies":[{"embeddable":true,"href":"https:\/\/ptx-hub.org\/es\/wp-json\/wp\/v2\/comments?post=12433"}],"version-history":[{"count":8,"href":"https:\/\/ptx-hub.org\/es\/wp-json\/wp\/v2\/pages\/12433\/revisions"}],"predecessor-version":[{"id":13741,"href":"https:\/\/ptx-hub.org\/es\/wp-json\/wp\/v2\/pages\/12433\/revisions\/13741"}],"wp:featuredmedia":[{"embeddable":true,"href":"https:\/\/ptx-hub.org\/es\/wp-json\/wp\/v2\/media\/10035"}],"wp:attachment":[{"href":"https:\/\/ptx-hub.org\/es\/wp-json\/wp\/v2\/media?parent=12433"}],"wp:term":[{"taxonomy":"post_tag","embeddable":true,"href":"https:\/\/ptx-hub.org\/es\/wp-json\/wp\/v2\/tags?post=12433"},{"taxonomy":"projectprogress","embeddable":true,"href":"https:\/\/ptx-hub.org\/es\/wp-json\/wp\/v2\/projectprogress?post=12433"},{"taxonomy":"ptxproject","embeddable":true,"href":"https:\/\/ptx-hub.org\/es\/wp-json\/wp\/v2\/ptxproject?post=12433"},{"taxonomy":"ptxcountry","embeddable":true,"href":"https:\/\/ptx-hub.org\/es\/wp-json\/wp\/v2\/ptxcountry?post=12433"}],"curies":[{"name":"wp","href":"https:\/\/api.w.org\/{rel}","templated":true}]}}