{"id":15118,"date":"2020-10-26T15:07:00","date_gmt":"2020-10-26T14:07:00","guid":{"rendered":"https:\/\/ptx-hub.org\/?page_id=15118"},"modified":"2023-06-06T15:57:03","modified_gmt":"2023-06-06T13:57:03","slug":"ptx-hub-en-chile","status":"publish","type":"page","link":"https:\/\/ptx-hub.org\/es\/ptx-hub-en-chile\/","title":{"rendered":"PtX Hub en Chile"},"content":{"rendered":"\t\t<div data-elementor-type=\"wp-page\" data-elementor-id=\"15118\" class=\"elementor elementor-15118 elementor-14146\" data-elementor-settings=\"[]\">\n\t\t\t\t\t\t<div class=\"elementor-inner\">\n\t\t\t\t\t\t\t<div class=\"elementor-section-wrap\">\n\t\t\t\t\t\t\t<section class=\"elementor-section elementor-top-section elementor-element elementor-element-62a72e7 elementor-section-boxed elementor-section-height-default elementor-section-height-default\" data-id=\"62a72e7\" data-element_type=\"section\">\n\t\t\t\t\t\t<div class=\"elementor-container elementor-column-gap-default\">\n\t\t\t\t\t\t\t<div class=\"elementor-row\">\n\t\t\t\t\t<div class=\"elementor-column elementor-col-100 elementor-top-column elementor-element elementor-element-88a6de7\" data-id=\"88a6de7\" data-element_type=\"column\">\n\t\t\t<div class=\"elementor-column-wrap elementor-element-populated\">\n\t\t\t\t\t\t\t<div class=\"elementor-widget-wrap\">\n\t\t\t\t\t\t<div class=\"elementor-element elementor-element-25195f9 elementor-widget elementor-widget-heading\" data-id=\"25195f9\" data-element_type=\"widget\" data-widget_type=\"heading.default\">\n\t\t\t\t<div class=\"elementor-widget-container\">\n\t\t\t<h1 class=\"elementor-heading-title elementor-size-default\">PtX Hub en Chile<\/h1>\t\t<\/div>\n\t\t\t\t<\/div>\n\t\t\t\t<div class=\"elementor-element elementor-element-2b02f30 elementor-widget elementor-widget-heading\" data-id=\"2b02f30\" data-element_type=\"widget\" data-widget_type=\"heading.default\">\n\t\t\t\t<div class=\"elementor-widget-container\">\n\t\t\t<h2 class=\"elementor-heading-title elementor-size-default\">De camino a convertirse en un epicentro mundial de hidr\u00f3geno verde <\/h2>\t\t<\/div>\n\t\t\t\t<\/div>\n\t\t\t\t\t\t<\/div>\n\t\t\t\t\t<\/div>\n\t\t<\/div>\n\t\t\t\t\t\t\t\t<\/div>\n\t\t\t\t\t<\/div>\n\t\t<\/section>\n\t\t\t\t<section class=\"elementor-section elementor-top-section elementor-element elementor-element-48e462c elementor-section-boxed elementor-section-height-default elementor-section-height-default\" data-id=\"48e462c\" data-element_type=\"section\">\n\t\t\t\t\t\t<div class=\"elementor-container elementor-column-gap-default\">\n\t\t\t\t\t\t\t<div class=\"elementor-row\">\n\t\t\t\t\t<div class=\"elementor-column elementor-col-100 elementor-top-column elementor-element elementor-element-f3de735\" data-id=\"f3de735\" data-element_type=\"column\">\n\t\t\t<div class=\"elementor-column-wrap elementor-element-populated\">\n\t\t\t\t\t\t\t<div class=\"elementor-widget-wrap\">\n\t\t\t\t\t\t<div class=\"elementor-element elementor-element-f4026a9 elementor-widget elementor-widget-text-editor\" data-id=\"f4026a9\" data-element_type=\"widget\" data-widget_type=\"text-editor.default\">\n\t\t\t\t<div class=\"elementor-widget-container\">\n\t\t\t\t\t<div class=\"elementor-text-editor elementor-clearfix\"><p>Chile desempe\u00f1a un papel pionero en los mercados emergentes latinoamericanos de PtX, convirtiendo al pa\u00eds en un ejemplo para la regi\u00f3n. En los \u00faltimos a\u00f1os, tanto el sector p\u00fablico como privado de Chile, han adquirido amplios conocimientos sobre c\u00f3mo desarrollar mercados de hidr\u00f3geno verde y PtX. Las instituciones chilenas tambi\u00e9n han mostrado un gran inter\u00e9s por trabajar con otros pa\u00edses de la regi\u00f3n, para diseminar y compartir experiencias, acelerando el intercambio y aprendizaje mutuo frente a desaf\u00edos comunes.<\/p><p>Con el fin de perseguir estas metas, en 2020 se estableci\u00f3 la plataforma H2LAC. EL objetivo de la plataforma es impulsar el desarrollo del hidr\u00f3geno verde y sus derivados en Am\u00e9rica Latina y el Caribe con el fin de promover su producci\u00f3n, uso y exportaci\u00f3n. Fue creada en 2020 por la Deutsche Gesellschaft f\u00fcr Internationale Zusammenarbeit (GIZ) junto al Banco Mundial, la CEPAL y el Programa Euroclima+ de la Uni\u00f3n Europea para fomentar la cooperaci\u00f3n y el intercambio entre distintos stakeholders y acelerar el avance del hidr\u00f3geno verde en la regi\u00f3n.<\/p><p><strong>Liderando el potencial de las energ\u00edas renovables y el compromiso pol\u00edtico<\/strong><\/p><p>Chile tiene grandes ambiciones para alcanzar sus objetivos clim\u00e1ticos. El pa\u00eds tiene previsto cerrar todas las centrales el\u00e9ctricas de carb\u00f3n a m\u00e1s tardar en 2040. Su enorme potencial de unos 1.800 GW de energ\u00eda renovable lo convierte en un prometedor lugar de producci\u00f3n de PtX. En diciembre de 2021, el gobierno chileno prometi\u00f3 50 millones de d\u00f3lares en subvenciones a seis proyectos de hidr\u00f3geno verde repartidos por todo el pa\u00eds.<\/p><h3><strong>El PtX Hub en Chile desarrolla las siguientes l\u00edneas de trabajo:<\/strong><\/h3><p><strong>1. <\/strong><b><span data-contrast=\"auto\">Promoci\u00f3n del debate sobre sostenibilidad y todas sus vertientes <\/span><\/b><span data-ccp-props=\"{\">\u00a0<\/span><\/p><ul><li><span data-ccp-props=\"{\">Organizando di\u00e1logos sobre sostenibilidad en la regi\u00f3n <\/span><\/li><li><span data-contrast=\"auto\">Analizando la sostenibilidad de las plantas desalinizadoras, en conjunto con Uruguay <\/span><span data-ccp-props=\"{\">\u00a0<\/span><\/li><li>Evaluando el potencial de desarrollo local a trav\u00e9s de la producci\u00f3n de hidr\u00f3geno verde en las dos regiones chilenas<\/li><\/ul><p><strong>2. <b><span data-contrast=\"auto\">Contribuci\u00f3n de Chile al debate internacional con sus experiencias<\/span><\/b><\/strong><\/p><ul><li data-leveltext=\"-\" data-font=\"Calibri\" data-listid=\"52\" data-list-defn-props=\"{\" aria-setsize=\"-1\" data-aria-posinset=\"3\" data-aria-level=\"2\">Participando y compartiendo los resultados alcanzados y lecciones aprendidas, en foros internacionales y regionales<\/li><li data-leveltext=\"-\" data-font=\"Calibri\" data-listid=\"52\" data-list-defn-props=\"{\" aria-setsize=\"-1\" data-aria-posinset=\"4\" data-aria-level=\"2\">Fortalecimiento de las actividades de H2LAC en la regi\u00f3n<\/li><\/ul><p><strong>3. <\/strong><b><span data-contrast=\"auto\">Desarrollando aptitudes PtX <\/span><\/b><\/p><ul><li data-leveltext=\"\uf0be\" data-font=\"Symbol\" data-listid=\"48\" data-list-defn-props=\"{\" aria-setsize=\"-1\" data-aria-posinset=\"1\" data-aria-level=\"2\">Ofreciendo el programa Train-the-Trainers a los profesionales chilenos de la energ\u00eda<\/li><li data-leveltext=\"\uf0be\" data-font=\"Symbol\" data-listid=\"48\" data-list-defn-props=\"{\" aria-setsize=\"-1\" data-aria-posinset=\"2\" data-aria-level=\"2\">Organizando viajes de estudio a Alemania, en conjunto con delegaciones uruguayas.<\/li><\/ul><\/div>\n\t\t\t\t<\/div>\n\t\t\t\t<\/div>\n\t\t\t\t\t\t<\/div>\n\t\t\t\t\t<\/div>\n\t\t<\/div>\n\t\t\t\t\t\t\t\t<\/div>\n\t\t\t\t\t<\/div>\n\t\t<\/section>\n\t\t\t\t<section class=\"elementor-section elementor-top-section elementor-element elementor-element-3a97459 elementor-section-stretched elementor-section-boxed elementor-section-height-default elementor-section-height-default\" data-id=\"3a97459\" data-element_type=\"section\" data-settings=\"{&quot;stretch_section&quot;:&quot;section-stretched&quot;,&quot;background_background&quot;:&quot;classic&quot;}\">\n\t\t\t\t\t\t<div class=\"elementor-container elementor-column-gap-default\">\n\t\t\t\t\t\t\t<div class=\"elementor-row\">\n\t\t\t\t\t<div class=\"elementor-column elementor-col-100 elementor-top-column elementor-element elementor-element-2eba48e\" data-id=\"2eba48e\" data-element_type=\"column\">\n\t\t\t<div class=\"elementor-column-wrap elementor-element-populated\">\n\t\t\t\t\t\t\t<div class=\"elementor-widget-wrap\">\n\t\t\t\t\t\t<div class=\"elementor-element elementor-element-477dab9 elementor-widget elementor-widget-heading\" data-id=\"477dab9\" data-element_type=\"widget\" data-widget_type=\"heading.default\">\n\t\t\t\t<div class=\"elementor-widget-container\">\n\t\t\t<h2 class=\"elementor-heading-title elementor-size-default\">News<\/h2>\t\t<\/div>\n\t\t\t\t<\/div>\n\t\t\t\t<section class=\"elementor-section elementor-inner-section elementor-element elementor-element-790b642 elementor-section-boxed elementor-section-height-default elementor-section-height-default\" data-id=\"790b642\" data-element_type=\"section\">\n\t\t\t\t\t\t<div class=\"elementor-container elementor-column-gap-default\">\n\t\t\t\t\t\t\t<div class=\"elementor-row\">\n\t\t\t\t\t<div class=\"elementor-column elementor-col-100 elementor-inner-column elementor-element elementor-element-7bc5909\" data-id=\"7bc5909\" data-element_type=\"column\">\n\t\t\t<div class=\"elementor-column-wrap elementor-element-populated\">\n\t\t\t\t\t\t\t<div class=\"elementor-widget-wrap\">\n\t\t\t\t\t\t<div class=\"elementor-element elementor-element-2b27b68 elementor-widget elementor-widget-shortcode\" data-id=\"2b27b68\" data-element_type=\"widget\" data-widget_type=\"shortcode.default\">\n\t\t\t\t<div class=\"elementor-widget-container\">\n\t\t\t\t\t<div class=\"elementor-shortcode\"><div id=\"ajax-load-more\" class=\"ajax-load-more-wrap default\" data-id=\"newsevent-project\" data-alm-id=\"\" data-canonical-url=\"https:\/\/ptx-hub.org\/es\/ptx-hub-en-chile\/\" data-slug=\"ptx-hub-en-chile\" data-post-id=\"15118\"  data-localized=\"ajax_load_more_newsevent_project_vars\"><div aria-live=\"polite\" aria-atomic=\"true\" class=\"alm-listing alm-ajax\" data-container-type=\"div\" data-archive=\"true\" data-repeater=\"default\" data-post-type=\"post, publication\" data-category=\"news,event,publication\" data-taxonomy=\"ptxproject\" data-taxonomy-terms=\"ptx-hub-in-chile\" data-taxonomy-operator=\"IN\" data-order=\"DESC\" data-orderby=\"date\" data-offset=\"0\" data-posts-per-page=\"4\" data-lang=\"es\" data-scroll=\"true\" data-scroll-distance=\"100\" data-max-pages=\"0\" data-pause-override=\"false\" data-pause=\"false\" data-button-label=\"More news &amp; events\"><\/div><div class=\"alm-btn-wrap\" style=\"visibility: hidden;\"><button class=\"alm-load-more-btn more \" rel=\"next\">More news &amp; events<\/button><\/div><\/div><\/div>\n\t\t\t\t<\/div>\n\t\t\t\t<\/div>\n\t\t\t\t\t\t<\/div>\n\t\t\t\t\t<\/div>\n\t\t<\/div>\n\t\t\t\t\t\t\t\t<\/div>\n\t\t\t\t\t<\/div>\n\t\t<\/section>\n\t\t\t\t\t\t<\/div>\n\t\t\t\t\t<\/div>\n\t\t<\/div>\n\t\t\t\t\t\t\t\t<\/div>\n\t\t\t\t\t<\/div>\n\t\t<\/section>\n\t\t\t\t\t\t<\/div>\n\t\t\t\t\t\t<\/div>\n\t\t\t\t\t<\/div>\n\t\t","protected":false},"excerpt":{"rendered":"<p>PtX Hub en Chile De camino a convertirse en un epicentro mundial de hidr\u00f3geno verde Chile desempe\u00f1a un papel pionero &#8230; <a title=\"PtX Hub en Chile\" class=\"read-more\" href=\"https:\/\/ptx-hub.org\/es\/ptx-hub-en-chile\/\" aria-label=\"M\u00e1s en PtX Hub en Chile\">Beitrag lesen<\/a><\/p>\n","protected":false},"author":17,"featured_media":9998,"parent":0,"menu_order":0,"comment_status":"closed","ping_status":"closed","template":"","meta":[],"tags":[],"projectprogress":[],"ptxproject":[231],"ptxcountry":[],"yoast_head":"<!-- This site is optimized with the Yoast SEO plugin v16.0.2 - https:\/\/yoast.com\/wordpress\/plugins\/seo\/ -->\n<title>PtX Hub en Chile - PtX Hub<\/title>\n<meta name=\"robots\" content=\"index, follow, max-snippet:-1, max-image-preview:large, max-video-preview:-1\" \/>\n<link rel=\"canonical\" href=\"https:\/\/ptx-hub.org\/es\/ptx-hub-en-chile\/\" \/>\n<meta property=\"og:locale\" content=\"es_ES\" \/>\n<meta property=\"og:type\" content=\"article\" \/>\n<meta property=\"og:title\" content=\"PtX Hub en Chile - PtX Hub\" \/>\n<meta property=\"og:description\" content=\"PtX Hub en Chile De camino a convertirse en un epicentro mundial de hidr\u00f3geno verde Chile desempe\u00f1a un papel pionero ... Beitrag lesen\" \/>\n<meta property=\"og:url\" content=\"https:\/\/ptx-hub.org\/es\/ptx-hub-en-chile\/\" \/>\n<meta property=\"og:site_name\" content=\"PtX Hub\" \/>\n<meta property=\"article:modified_time\" content=\"2023-06-06T13:57:03+00:00\" \/>\n<meta property=\"og:image\" content=\"https:\/\/ptx-hub.org\/wp-content\/uploads\/2022\/10\/171017_IGIZ_PHT23-1-scaled.jpg\" \/>\n\t<meta property=\"og:image:width\" content=\"2560\" \/>\n\t<meta property=\"og:image:height\" content=\"1647\" \/>\n<meta name=\"twitter:card\" content=\"summary_large_image\" \/>\n<meta name=\"twitter:label1\" content=\"Tiempo de lectura\">\n\t<meta name=\"twitter:data1\" content=\"2 minutos\">\n<script type=\"application\/ld+json\" class=\"yoast-schema-graph\">{\"@context\":\"https:\/\/schema.org\",\"@graph\":[{\"@type\":\"Organization\",\"@id\":\"https:\/\/ptx-hub.org\/#organization\",\"name\":\"International PtX Hub Berlin\",\"url\":\"https:\/\/ptx-hub.org\/\",\"sameAs\":[],\"logo\":{\"@type\":\"ImageObject\",\"@id\":\"https:\/\/ptx-hub.org\/#logo\",\"inLanguage\":\"es\",\"url\":\"https:\/\/ptx-hub.org\/wp-content\/uploads\/2020\/07\/PtX-Hub-logo-1.svg\",\"width\":237,\"height\":121,\"caption\":\"International PtX Hub Berlin\"},\"image\":{\"@id\":\"https:\/\/ptx-hub.org\/#logo\"}},{\"@type\":\"WebSite\",\"@id\":\"https:\/\/ptx-hub.org\/#website\",\"url\":\"https:\/\/ptx-hub.org\/\",\"name\":\"International PtX Hub Berlin\",\"description\":\"Catalysing defossilisation globally\",\"publisher\":{\"@id\":\"https:\/\/ptx-hub.org\/#organization\"},\"potentialAction\":[{\"@type\":\"SearchAction\",\"target\":\"https:\/\/ptx-hub.org\/?s={search_term_string}\",\"query-input\":\"required name=search_term_string\"}],\"inLanguage\":\"es\"},{\"@type\":\"ImageObject\",\"@id\":\"https:\/\/ptx-hub.org\/es\/ptx-hub-en-chile\/#primaryimage\",\"inLanguage\":\"es\",\"url\":\"https:\/\/ptx-hub.org\/wp-content\/uploads\/2022\/10\/171017_IGIZ_PHT23-1-scaled.jpg\",\"width\":2560,\"height\":1647,\"caption\":\"Baustelle der CPS-Anlage ( Concetrated Solar Power ) Cerro Dominador in der Atacama Wueste \/ Chile. 17.10.2017 Copyright: Thomas Imo\/ photothek.net [Tel. +493028097440 - www.photothek.net - Jegliche Verwendung nur gegen Honorar und Beleg. Urheber-\/Agenturvermerk wird nach Paragraph13 UrhG ausdruecklich verlangt! Es gelten ausschliesslich unsere AGB.]\"},{\"@type\":\"WebPage\",\"@id\":\"https:\/\/ptx-hub.org\/es\/ptx-hub-en-chile\/#webpage\",\"url\":\"https:\/\/ptx-hub.org\/es\/ptx-hub-en-chile\/\",\"name\":\"PtX Hub en Chile - PtX Hub\",\"isPartOf\":{\"@id\":\"https:\/\/ptx-hub.org\/#website\"},\"primaryImageOfPage\":{\"@id\":\"https:\/\/ptx-hub.org\/es\/ptx-hub-en-chile\/#primaryimage\"},\"datePublished\":\"2020-10-26T14:07:00+00:00\",\"dateModified\":\"2023-06-06T13:57:03+00:00\",\"breadcrumb\":{\"@id\":\"https:\/\/ptx-hub.org\/es\/ptx-hub-en-chile\/#breadcrumb\"},\"inLanguage\":\"es\",\"potentialAction\":[{\"@type\":\"ReadAction\",\"target\":[\"https:\/\/ptx-hub.org\/es\/ptx-hub-en-chile\/\"]}]},{\"@type\":\"BreadcrumbList\",\"@id\":\"https:\/\/ptx-hub.org\/es\/ptx-hub-en-chile\/#breadcrumb\",\"itemListElement\":[{\"@type\":\"ListItem\",\"position\":1,\"item\":{\"@type\":\"WebPage\",\"@id\":\"https:\/\/ptx-hub.org\/\",\"url\":\"https:\/\/ptx-hub.org\/\",\"name\":\"Startseite\"}},{\"@type\":\"ListItem\",\"position\":2,\"item\":{\"@type\":\"WebPage\",\"@id\":\"https:\/\/ptx-hub.org\/es\/ptx-hub-en-chile\/\",\"url\":\"https:\/\/ptx-hub.org\/es\/ptx-hub-en-chile\/\",\"name\":\"PtX Hub en Chile\"}}]}]}<\/script>\n<!-- \/ Yoast SEO plugin. -->","_links":{"self":[{"href":"https:\/\/ptx-hub.org\/es\/wp-json\/wp\/v2\/pages\/15118"}],"collection":[{"href":"https:\/\/ptx-hub.org\/es\/wp-json\/wp\/v2\/pages"}],"about":[{"href":"https:\/\/ptx-hub.org\/es\/wp-json\/wp\/v2\/types\/page"}],"author":[{"embeddable":true,"href":"https:\/\/ptx-hub.org\/es\/wp-json\/wp\/v2\/users\/17"}],"replies":[{"embeddable":true,"href":"https:\/\/ptx-hub.org\/es\/wp-json\/wp\/v2\/comments?post=15118"}],"version-history":[{"count":9,"href":"https:\/\/ptx-hub.org\/es\/wp-json\/wp\/v2\/pages\/15118\/revisions"}],"predecessor-version":[{"id":15134,"href":"https:\/\/ptx-hub.org\/es\/wp-json\/wp\/v2\/pages\/15118\/revisions\/15134"}],"wp:featuredmedia":[{"embeddable":true,"href":"https:\/\/ptx-hub.org\/es\/wp-json\/wp\/v2\/media\/9998"}],"wp:attachment":[{"href":"https:\/\/ptx-hub.org\/es\/wp-json\/wp\/v2\/media?parent=15118"}],"wp:term":[{"taxonomy":"post_tag","embeddable":true,"href":"https:\/\/ptx-hub.org\/es\/wp-json\/wp\/v2\/tags?post=15118"},{"taxonomy":"projectprogress","embeddable":true,"href":"https:\/\/ptx-hub.org\/es\/wp-json\/wp\/v2\/projectprogress?post=15118"},{"taxonomy":"ptxproject","embeddable":true,"href":"https:\/\/ptx-hub.org\/es\/wp-json\/wp\/v2\/ptxproject?post=15118"},{"taxonomy":"ptxcountry","embeddable":true,"href":"https:\/\/ptx-hub.org\/es\/wp-json\/wp\/v2\/ptxcountry?post=15118"}],"curies":[{"name":"wp","href":"https:\/\/api.w.org\/{rel}","templated":true}]}}