{"id":12305,"date":"2020-10-21T15:51:00","date_gmt":"2020-10-21T13:51:00","guid":{"rendered":"https:\/\/ptx-hub.org\/?page_id=12305"},"modified":"2023-05-03T13:06:04","modified_gmt":"2023-05-03T11:06:04","slug":"morocco","status":"publish","type":"page","link":"https:\/\/ptx-hub.org\/fr\/morocco\/","title":{"rendered":"Morocco"},"content":{"rendered":"\t\t<div data-elementor-type=\"wp-page\" data-elementor-id=\"12305\" class=\"elementor elementor-12305 elementor-5786\" data-elementor-settings=\"[]\">\n\t\t\t\t\t\t<div class=\"elementor-inner\">\n\t\t\t\t\t\t\t<div class=\"elementor-section-wrap\">\n\t\t\t\t\t\t\t<section class=\"elementor-section elementor-top-section elementor-element elementor-element-fa4fba5 elementor-section-boxed elementor-section-height-default elementor-section-height-default\" data-id=\"fa4fba5\" data-element_type=\"section\">\n\t\t\t\t\t\t<div class=\"elementor-container elementor-column-gap-default\">\n\t\t\t\t\t\t\t<div class=\"elementor-row\">\n\t\t\t\t\t<div class=\"elementor-column elementor-col-100 elementor-top-column elementor-element elementor-element-eb23e7c\" data-id=\"eb23e7c\" data-element_type=\"column\">\n\t\t\t<div class=\"elementor-column-wrap elementor-element-populated\">\n\t\t\t\t\t\t\t<div class=\"elementor-widget-wrap\">\n\t\t\t\t\t\t<div class=\"elementor-element elementor-element-863b872 elementor-widget elementor-widget-heading\" data-id=\"863b872\" data-element_type=\"widget\" data-widget_type=\"heading.default\">\n\t\t\t\t<div class=\"elementor-widget-container\">\n\t\t\t<h2 class=\"elementor-heading-title elementor-size-default\"><b>PtX Hub in Morocco<\/b><\/h2>\t\t<\/div>\n\t\t\t\t<\/div>\n\t\t\t\t<div class=\"elementor-element elementor-element-07cdea6 elementor-widget elementor-widget-heading\" data-id=\"07cdea6\" data-element_type=\"widget\" data-widget_type=\"heading.default\">\n\t\t\t\t<div class=\"elementor-widget-container\">\n\t\t\t<h2 class=\"elementor-heading-title elementor-size-default\">Le potentiel des \u00e9nergies renouvelables du Maroc est parfaitement adapt\u00e9 aux exigences du Power-to-X<\/h2>\t\t<\/div>\n\t\t\t\t<\/div>\n\t\t\t\t\t\t<\/div>\n\t\t\t\t\t<\/div>\n\t\t<\/div>\n\t\t\t\t\t\t\t\t<\/div>\n\t\t\t\t\t<\/div>\n\t\t<\/section>\n\t\t\t\t<section class=\"elementor-section elementor-top-section elementor-element elementor-element-f2598e5 elementor-section-boxed elementor-section-height-default elementor-section-height-default\" data-id=\"f2598e5\" data-element_type=\"section\">\n\t\t\t\t\t\t<div class=\"elementor-container elementor-column-gap-default\">\n\t\t\t\t\t\t\t<div class=\"elementor-row\">\n\t\t\t\t\t<div class=\"elementor-column elementor-col-100 elementor-top-column elementor-element elementor-element-de20030\" data-id=\"de20030\" data-element_type=\"column\">\n\t\t\t<div class=\"elementor-column-wrap elementor-element-populated\">\n\t\t\t\t\t\t\t<div class=\"elementor-widget-wrap\">\n\t\t\t\t\t\t<div class=\"elementor-element elementor-element-71e174b elementor-widget elementor-widget-text-editor\" data-id=\"71e174b\" data-element_type=\"widget\" data-widget_type=\"text-editor.default\">\n\t\t\t\t<div class=\"elementor-widget-container\">\n\t\t\t\t\t<div class=\"elementor-text-editor elementor-clearfix\"><p>Le Maroc offre un fort potentiel d&#8217;\u00e9nergies renouvelables. Selon une \u00e9tude de Fraunhofer, la capacit\u00e9 de production d&#8217;\u00e9nergie renouvelable du Maroc est suffisante pour d\u00e9fossiliser compl\u00e8tement sa production d&#8217;\u00e9lectricit\u00e9, et produire assez de carburants PtX pour satisfaire la demande locale comme la demande export. Les emplacements hybrides avec un potentiel \u00e9olien et solaire sont les mieux adapt\u00e9s \u00e0 la production intensive d\u2019\u00e9lectricit\u00e9 destin\u00e9e au Power-to-X.<\/p><p>De premi\u00e8res activit\u00e9s Power-to-X sont en cours dans le secteur priv\u00e9 au Maroc, en particulier dans l&#8217;industrie locale des engrais. L\u2019objectif estde produire suffisamment d\u2019ammoniac synth\u00e9tique (Power-to-Ammonia) pour r\u00e9pondre aux besoins de l&#8217;industrie nationale des engrais et donc de r\u00e9duire la d\u00e9pendance \u00e0 l&#8217;\u00e9gard des importations. L&#8217;industrie des engrais est d&#8217;une grande importance \u00e9conomique pour le Maroc, qui abrite pr\u00e8s de 80% des r\u00e9serves mondiales de phosphate.<\/p><p><strong>L\u2019un des pans principaux de l\u2019activite du PtX Hub au Maroc est de favoriser l\u2019essor des technologies Power-to-Liquid pour compl\u00e9ter la transition \u00e9nerg\u00e9tique marocaine.<\/strong><\/p><p>Le fort potentiel d&#8217;\u00e9nergies renouvelables, tant \u00e9olien que solaire, fait du Maroc le pays id\u00e9al pour construire une usine pilote de Power-to-Liquid. Le potentiel PtL du Maroc a \u00e9t\u00e9 d\u00e9montr\u00e9 par l\u2019\u00e9tude Mena-Fuels du Wuppertal Institut publi\u00e9e en 2022.<\/p><p>Une unit\u00e9 de d\u00e9monstration, doit venir illustrer l&#8217;ensemble de la cha\u00eene de valeur Power-to-L, et permettre aux scientifiques et ing\u00e9nieurs marocains comme \u00e9trangers de se familiariser avec ces technologies, notamment le proc\u00e9d\u00e9 Fischer Tropsch (PtL), le raffinage et l\u2019\u00e9lectrolyse.<\/p><p>L&#8217;objectif de cette usine pilote est de faciliter la formation d\u2019un march\u00e9 Power-to-Liquid, de diffuser des connaissances pratiques sur le Power-to-X et de cr\u00e9er un appel d\u2019air pour des projets futurs (\u00e0 \u00e9chelle industrielle). Comme pour le cas de l\u2019ammoniac, ces projets doivent permettre de r\u00e9duire la d\u00e9pendance import et d\u2019alimenter un march\u00e9 potentiel d\u2019exportation<\/p><p>\u00a0<\/p><p><strong>Le PtX Hub au Maroc\u00a0<\/strong><\/p><p>La structuration financi\u00e8re et la construction de l\u2019usine pilote Power-to-Liquid est certes la partie la plus visible des travaux du PtX Hub au Maroc, mais nos activit\u00e9s vont bien au-del\u00e0 et comprennent entre autres: \u00a0<\/p><ul><li>Conseiller sur la formulation d\u2019un cadre r\u00e8glementaire pour stimuler la mont\u00e9e en puissance des march\u00e9s Power-to-X, en apportant un souci particulier \u00e0 la dimension de durabilit\u00e9.<\/li><li>L\u2019int\u00e9gration du Power-to-X dans la mod\u00e9lisation des sc\u00e9narios \u00e9nerg\u00e9tiques et dans les contributions nationales \u00e0 l&#8217;atteinte des objectifs climatiques de Paris (NDCs)<\/li><li>L\u2019identification de business cases potentiels pour les investisseurs et des mesures n\u00e9cessaires pour leur concr\u00e9tisation<\/li><\/ul><p>Nous visons la durabilit\u00e9 tout au long de la cha\u00eene de valeur pour assurer un d\u00e9veloppement \u00e9conomique durable.<\/p><p>Si vous \u00eates int\u00e9ress\u00e9 par le travail du PtX Hub au Maroc, contactez : <a href=\"mailto:matthias.rilling@giz.de\">Matthias Rilling<\/a>. Pour des informations g\u00e9n\u00e9rales sur la contribution d&#8217;Agora Energiewende, <a href=\"https:\/\/www.agora-energiewende.de\/en\/projects\/ptx-hub\/\">cliquez ici<\/a>.<\/p><\/div>\n\t\t\t\t<\/div>\n\t\t\t\t<\/div>\n\t\t\t\t\t\t<\/div>\n\t\t\t\t\t<\/div>\n\t\t<\/div>\n\t\t\t\t\t\t\t\t<\/div>\n\t\t\t\t\t<\/div>\n\t\t<\/section>\n\t\t\t\t<section class=\"elementor-section elementor-top-section elementor-element elementor-element-4cf87db elementor-section-boxed elementor-section-height-default elementor-section-height-default\" data-id=\"4cf87db\" data-element_type=\"section\">\n\t\t\t\t\t\t<div class=\"elementor-container elementor-column-gap-default\">\n\t\t\t\t\t\t\t<div class=\"elementor-row\">\n\t\t\t\t\t<div class=\"elementor-column elementor-col-100 elementor-top-column elementor-element elementor-element-09d3278\" data-id=\"09d3278\" data-element_type=\"column\">\n\t\t\t<div class=\"elementor-column-wrap elementor-element-populated\">\n\t\t\t\t\t\t\t<div class=\"elementor-widget-wrap\">\n\t\t\t\t\t\t<div class=\"elementor-element elementor-element-0d54ea9 elementor-arrows-position-inside elementor-pagination-position-outside elementor-widget elementor-widget-image-carousel\" data-id=\"0d54ea9\" data-element_type=\"widget\" data-settings=\"{&quot;slides_to_show&quot;:&quot;1&quot;,&quot;navigation&quot;:&quot;both&quot;,&quot;autoplay&quot;:&quot;yes&quot;,&quot;pause_on_hover&quot;:&quot;yes&quot;,&quot;pause_on_interaction&quot;:&quot;yes&quot;,&quot;autoplay_speed&quot;:5000,&quot;infinite&quot;:&quot;yes&quot;,&quot;effect&quot;:&quot;slide&quot;,&quot;speed&quot;:500}\" data-widget_type=\"image-carousel.default\">\n\t\t\t\t<div class=\"elementor-widget-container\">\n\t\t\t\t\t<div class=\"elementor-image-carousel-wrapper swiper-container\" dir=\"ltr\">\n\t\t\t<div class=\"elementor-image-carousel swiper-wrapper\">\n\t\t\t\t<div class=\"swiper-slide\"><figure class=\"swiper-slide-inner\"><img class=\"swiper-slide-image\" src=\"https:\/\/ptx-hub.org\/wp-content\/uploads\/2022\/01\/GIZ_OussamaBenbila-7-1-1024x683.jpg\" alt=\"Copyright by GIZ \/ Oussama Benbila\" \/><figcaption class=\"elementor-image-carousel-caption\">Copyright by GIZ \/ Oussama Benbila<\/figcaption><\/figure><\/div><div class=\"swiper-slide\"><figure class=\"swiper-slide-inner\"><img class=\"swiper-slide-image\" src=\"https:\/\/ptx-hub.org\/wp-content\/uploads\/2022\/01\/GIZ_OussamaBenbila-8-1024x683.jpg\" alt=\"Copyright by GIZ \/ Oussama Benbila\" \/><figcaption class=\"elementor-image-carousel-caption\">Copyright by GIZ \/ Oussama Benbila<\/figcaption><\/figure><\/div><div class=\"swiper-slide\"><figure class=\"swiper-slide-inner\"><img class=\"swiper-slide-image\" src=\"https:\/\/ptx-hub.org\/wp-content\/uploads\/2022\/01\/GIZ_OussamaBenbila-5-1024x683.jpg\" alt=\"Copyright by GIZ \/ Oussama Benbila\" \/><figcaption class=\"elementor-image-carousel-caption\">Copyright by GIZ \/ Oussama Benbila<\/figcaption><\/figure><\/div><div class=\"swiper-slide\"><figure class=\"swiper-slide-inner\"><img class=\"swiper-slide-image\" src=\"https:\/\/ptx-hub.org\/wp-content\/uploads\/2022\/01\/GIZ_OussamaBenbila-1-1024x683.jpg\" alt=\"Copyright by GIZ \/ Oussama Benbila\" \/><figcaption class=\"elementor-image-carousel-caption\">Copyright by GIZ \/ Oussama Benbila<\/figcaption><\/figure><\/div>\t\t\t<\/div>\n\t\t\t\t\t\t\t\t\t\t\t\t<div class=\"swiper-pagination\"><\/div>\n\t\t\t\t\t\t\t\t\t\t\t\t\t<div class=\"elementor-swiper-button elementor-swiper-button-prev\">\n\t\t\t\t\t\t<i class=\"eicon-chevron-left\" aria-hidden=\"true\"><\/i>\n\t\t\t\t\t\t<span class=\"elementor-screen-only\">Pr\u00e9c\u00e9dent<\/span>\n\t\t\t\t\t<\/div>\n\t\t\t\t\t<div class=\"elementor-swiper-button elementor-swiper-button-next\">\n\t\t\t\t\t\t<i class=\"eicon-chevron-right\" aria-hidden=\"true\"><\/i>\n\t\t\t\t\t\t<span class=\"elementor-screen-only\">Suivant<\/span>\n\t\t\t\t\t<\/div>\n\t\t\t\t\t\t\t\t\t<\/div>\n\t\t\t\t<\/div>\n\t\t\t\t<\/div>\n\t\t\t\t\t\t<\/div>\n\t\t\t\t\t<\/div>\n\t\t<\/div>\n\t\t\t\t\t\t\t\t<\/div>\n\t\t\t\t\t<\/div>\n\t\t<\/section>\n\t\t\t\t\t\t<\/div>\n\t\t\t\t\t\t<\/div>\n\t\t\t\t\t<\/div>\n\t\t","protected":false},"excerpt":{"rendered":"<p>PtX Hub in Morocco Le potentiel des \u00e9nergies renouvelables du Maroc est parfaitement adapt\u00e9 aux exigences du Power-to-X Le Maroc &#8230; <a title=\"Morocco\" class=\"read-more\" href=\"https:\/\/ptx-hub.org\/fr\/morocco\/\" aria-label=\"More on Morocco\">Beitrag lesen<\/a><\/p>\n","protected":false},"author":1,"featured_media":12307,"parent":0,"menu_order":0,"comment_status":"closed","ping_status":"closed","template":"","meta":[],"tags":[],"projectprogress":[],"ptxproject":[229],"ptxcountry":[],"yoast_head":"<!-- This site is optimized with the Yoast SEO plugin v16.0.2 - https:\/\/yoast.com\/wordpress\/plugins\/seo\/ -->\n<title>Morocco - PtX Hub<\/title>\n<meta name=\"robots\" content=\"index, follow, max-snippet:-1, max-image-preview:large, max-video-preview:-1\" \/>\n<link rel=\"canonical\" href=\"https:\/\/ptx-hub.org\/fr\/morocco\/\" \/>\n<meta property=\"og:locale\" content=\"fr_FR\" \/>\n<meta property=\"og:type\" content=\"article\" \/>\n<meta property=\"og:title\" content=\"Morocco - PtX Hub\" \/>\n<meta property=\"og:description\" content=\"PtX Hub in Morocco Le potentiel des \u00e9nergies renouvelables du Maroc est parfaitement adapt\u00e9 aux exigences du Power-to-X Le Maroc ... Beitrag lesen\" \/>\n<meta property=\"og:url\" content=\"https:\/\/ptx-hub.org\/fr\/morocco\/\" \/>\n<meta property=\"og:site_name\" content=\"PtX Hub\" \/>\n<meta property=\"article:modified_time\" content=\"2023-05-03T11:06:04+00:00\" \/>\n<meta property=\"og:image\" content=\"https:\/\/ptx-hub.org\/wp-content\/uploads\/2022\/01\/GIZ_OussamaBenbila-9.jpg\" \/>\n\t<meta property=\"og:image:width\" content=\"1440\" \/>\n\t<meta property=\"og:image:height\" content=\"960\" \/>\n<meta name=\"twitter:card\" content=\"summary_large_image\" \/>\n<meta name=\"twitter:label1\" content=\"Dur\u00e9e de lecture est.\">\n\t<meta name=\"twitter:data1\" content=\"3 minutes\">\n<script type=\"application\/ld+json\" class=\"yoast-schema-graph\">{\"@context\":\"https:\/\/schema.org\",\"@graph\":[{\"@type\":\"Organization\",\"@id\":\"https:\/\/ptx-hub.org\/#organization\",\"name\":\"International PtX Hub Berlin\",\"url\":\"https:\/\/ptx-hub.org\/\",\"sameAs\":[],\"logo\":{\"@type\":\"ImageObject\",\"@id\":\"https:\/\/ptx-hub.org\/#logo\",\"inLanguage\":\"fr-FR\",\"url\":\"https:\/\/ptx-hub.org\/wp-content\/uploads\/2020\/07\/PtX-Hub-logo-1.svg\",\"width\":237,\"height\":121,\"caption\":\"International PtX Hub Berlin\"},\"image\":{\"@id\":\"https:\/\/ptx-hub.org\/#logo\"}},{\"@type\":\"WebSite\",\"@id\":\"https:\/\/ptx-hub.org\/#website\",\"url\":\"https:\/\/ptx-hub.org\/\",\"name\":\"International PtX Hub Berlin\",\"description\":\"Catalysing defossilisation globally\",\"publisher\":{\"@id\":\"https:\/\/ptx-hub.org\/#organization\"},\"potentialAction\":[{\"@type\":\"SearchAction\",\"target\":\"https:\/\/ptx-hub.org\/?s={search_term_string}\",\"query-input\":\"required name=search_term_string\"}],\"inLanguage\":\"fr-FR\"},{\"@type\":\"ImageObject\",\"@id\":\"https:\/\/ptx-hub.org\/fr\/morocco\/#primaryimage\",\"inLanguage\":\"fr-FR\",\"url\":\"https:\/\/ptx-hub.org\/wp-content\/uploads\/2022\/01\/GIZ_OussamaBenbila-9.jpg\",\"width\":1440,\"height\":960,\"caption\":\"Copyright by Oussama Benbila \/ GIZ\"},{\"@type\":\"WebPage\",\"@id\":\"https:\/\/ptx-hub.org\/fr\/morocco\/#webpage\",\"url\":\"https:\/\/ptx-hub.org\/fr\/morocco\/\",\"name\":\"Morocco - PtX Hub\",\"isPartOf\":{\"@id\":\"https:\/\/ptx-hub.org\/#website\"},\"primaryImageOfPage\":{\"@id\":\"https:\/\/ptx-hub.org\/fr\/morocco\/#primaryimage\"},\"datePublished\":\"2020-10-21T13:51:00+00:00\",\"dateModified\":\"2023-05-03T11:06:04+00:00\",\"breadcrumb\":{\"@id\":\"https:\/\/ptx-hub.org\/fr\/morocco\/#breadcrumb\"},\"inLanguage\":\"fr-FR\",\"potentialAction\":[{\"@type\":\"ReadAction\",\"target\":[\"https:\/\/ptx-hub.org\/fr\/morocco\/\"]}]},{\"@type\":\"BreadcrumbList\",\"@id\":\"https:\/\/ptx-hub.org\/fr\/morocco\/#breadcrumb\",\"itemListElement\":[{\"@type\":\"ListItem\",\"position\":1,\"item\":{\"@type\":\"WebPage\",\"@id\":\"https:\/\/ptx-hub.org\/\",\"url\":\"https:\/\/ptx-hub.org\/\",\"name\":\"Startseite\"}},{\"@type\":\"ListItem\",\"position\":2,\"item\":{\"@type\":\"WebPage\",\"@id\":\"https:\/\/ptx-hub.org\/fr\/morocco\/\",\"url\":\"https:\/\/ptx-hub.org\/fr\/morocco\/\",\"name\":\"Morocco\"}}]}]}<\/script>\n<!-- \/ Yoast SEO plugin. -->","_links":{"self":[{"href":"https:\/\/ptx-hub.org\/fr\/wp-json\/wp\/v2\/pages\/12305"}],"collection":[{"href":"https:\/\/ptx-hub.org\/fr\/wp-json\/wp\/v2\/pages"}],"about":[{"href":"https:\/\/ptx-hub.org\/fr\/wp-json\/wp\/v2\/types\/page"}],"author":[{"embeddable":true,"href":"https:\/\/ptx-hub.org\/fr\/wp-json\/wp\/v2\/users\/1"}],"replies":[{"embeddable":true,"href":"https:\/\/ptx-hub.org\/fr\/wp-json\/wp\/v2\/comments?post=12305"}],"version-history":[{"count":11,"href":"https:\/\/ptx-hub.org\/fr\/wp-json\/wp\/v2\/pages\/12305\/revisions"}],"predecessor-version":[{"id":13683,"href":"https:\/\/ptx-hub.org\/fr\/wp-json\/wp\/v2\/pages\/12305\/revisions\/13683"}],"wp:featuredmedia":[{"embeddable":true,"href":"https:\/\/ptx-hub.org\/fr\/wp-json\/wp\/v2\/media\/12307"}],"wp:attachment":[{"href":"https:\/\/ptx-hub.org\/fr\/wp-json\/wp\/v2\/media?parent=12305"}],"wp:term":[{"taxonomy":"post_tag","embeddable":true,"href":"https:\/\/ptx-hub.org\/fr\/wp-json\/wp\/v2\/tags?post=12305"},{"taxonomy":"projectprogress","embeddable":true,"href":"https:\/\/ptx-hub.org\/fr\/wp-json\/wp\/v2\/projectprogress?post=12305"},{"taxonomy":"ptxproject","embeddable":true,"href":"https:\/\/ptx-hub.org\/fr\/wp-json\/wp\/v2\/ptxproject?post=12305"},{"taxonomy":"ptxcountry","embeddable":true,"href":"https:\/\/ptx-hub.org\/fr\/wp-json\/wp\/v2\/ptxcountry?post=12305"}],"curies":[{"name":"wp","href":"https:\/\/api.w.org\/{rel}","templated":true}]}}