{"id":12388,"date":"2020-10-28T17:54:00","date_gmt":"2020-10-28T16:54:00","guid":{"rendered":"https:\/\/ptx-hub.org\/?page_id=12388"},"modified":"2023-05-04T13:52:50","modified_gmt":"2023-05-04T11:52:50","slug":"le-ptx-hub-en-algerie","status":"publish","type":"page","link":"https:\/\/ptx-hub.org\/fr\/le-ptx-hub-en-algerie\/","title":{"rendered":"Le PtX Hub en Alg\u00e9rie"},"content":{"rendered":"\t\t<div data-elementor-type=\"wp-page\" data-elementor-id=\"12388\" class=\"elementor elementor-12388 elementor-9085\" data-elementor-settings=\"[]\">\n\t\t\t\t\t\t<div class=\"elementor-inner\">\n\t\t\t\t\t\t\t<div class=\"elementor-section-wrap\">\n\t\t\t\t\t\t\t<section class=\"elementor-section elementor-top-section elementor-element elementor-element-62a72e7 elementor-section-boxed elementor-section-height-default elementor-section-height-default\" data-id=\"62a72e7\" data-element_type=\"section\">\n\t\t\t\t\t\t<div class=\"elementor-container elementor-column-gap-default\">\n\t\t\t\t\t\t\t<div class=\"elementor-row\">\n\t\t\t\t\t<div class=\"elementor-column elementor-col-100 elementor-top-column elementor-element elementor-element-88a6de7\" data-id=\"88a6de7\" data-element_type=\"column\">\n\t\t\t<div class=\"elementor-column-wrap elementor-element-populated\">\n\t\t\t\t\t\t\t<div class=\"elementor-widget-wrap\">\n\t\t\t\t\t\t<div class=\"elementor-element elementor-element-25195f9 elementor-widget elementor-widget-heading\" data-id=\"25195f9\" data-element_type=\"widget\" data-widget_type=\"heading.default\">\n\t\t\t\t<div class=\"elementor-widget-container\">\n\t\t\t<h1 class=\"elementor-heading-title elementor-size-default\">Le PtX Hub in Alg\u00e9rie <\/h1>\t\t<\/div>\n\t\t\t\t<\/div>\n\t\t\t\t<div class=\"elementor-element elementor-element-2b02f30 elementor-widget elementor-widget-heading\" data-id=\"2b02f30\" data-element_type=\"widget\" data-widget_type=\"heading.default\">\n\t\t\t\t<div class=\"elementor-widget-container\">\n\t\t\t<h2 class=\"elementor-heading-title elementor-size-default\">Optimiser les infrastructures et les avantages existants pour d\u00e9velopper le potentiel PtX<\/h2>\t\t<\/div>\n\t\t\t\t<\/div>\n\t\t\t\t\t\t<\/div>\n\t\t\t\t\t<\/div>\n\t\t<\/div>\n\t\t\t\t\t\t\t\t<\/div>\n\t\t\t\t\t<\/div>\n\t\t<\/section>\n\t\t\t\t<section class=\"elementor-section elementor-top-section elementor-element elementor-element-48e462c elementor-section-boxed elementor-section-height-default elementor-section-height-default\" data-id=\"48e462c\" data-element_type=\"section\">\n\t\t\t\t\t\t<div class=\"elementor-container elementor-column-gap-default\">\n\t\t\t\t\t\t\t<div class=\"elementor-row\">\n\t\t\t\t\t<div class=\"elementor-column elementor-col-100 elementor-top-column elementor-element elementor-element-f3de735\" data-id=\"f3de735\" data-element_type=\"column\">\n\t\t\t<div class=\"elementor-column-wrap elementor-element-populated\">\n\t\t\t\t\t\t\t<div class=\"elementor-widget-wrap\">\n\t\t\t\t\t\t<div class=\"elementor-element elementor-element-f4026a9 elementor-widget elementor-widget-text-editor\" data-id=\"f4026a9\" data-element_type=\"widget\" data-widget_type=\"text-editor.default\">\n\t\t\t\t<div class=\"elementor-widget-container\">\n\t\t\t\t\t<div class=\"elementor-text-editor elementor-clearfix\"><p>\u00a0<\/p>\n<p>Dans le cadre de l&#8217;Accord de Paris, l&#8217;Alg\u00e9rie vise \u00e0 r\u00e9duire ses \u00e9missions de gaz \u00e0 effet de serre de 7 % d&#8217;ici 2030. Cet objectif pourrait passer \u00e0 22 % avec un soutien international. Alors que les sources d&#8217;\u00e9nergie renouvelables repr\u00e9sentent aujourd\u2019hui moins de 1% de la production \u00e9nerg\u00e9tique de l&#8217;Alg\u00e9rie, sa vaste g\u00e9ographie et la disponibilit\u00e9 de terres non am\u00e9nag\u00e9s, offrent des conditions favorables \u00e0 l&#8217;expansion des capacit\u00e9s renouvelables. Consciente de ce potentiel, l&#8217;Alg\u00e9rie s&#8217;est fix\u00e9 l&#8217;objectif d\u2019augmenter sa capacit\u00e9 solaire de 0,4 GW en 2021 \u00e0 16 GW d&#8217;ici 2035.<\/p>\n<p>Dans le cadre de ses efforts de d\u00e9carbonation, l&#8217;Alg\u00e9rie a \u00e9galement inscrit la production d&#8217;hydrog\u00e8ne vert comme une priorit\u00e9 dans son programme gouvernemental annonc\u00e9 en septembre 2021. Aujourd&#8217;hui, en tant qu\u2019exportateur de p\u00e9trole et de gaz important, ses infrastructures d&#8217;hydrocarbures existantes offrent une base int\u00e9ressante pour d\u00e9velopper son potentiel PtX. La proximit\u00e9 de l\u2019Alg\u00e9rie et son r\u00e9seau \u00e9tabli de gazoducs vers l&#8217;Europe, ainsi que les capacit\u00e9s de transport de gaz liqu\u00e9fi\u00e9, alimentent les consid\u00e9rations strat\u00e9giques pour les exportations futures. La production et la consommation existantes d&#8217;hydrog\u00e8ne gris \u00e0 base de combustibles fossiles \u00e0 usage industriel dans le pays offrent \u00e9galement des perspectives pour une adoption locale de l&#8217;alternative verte.<\/p>\n<p>Dans ce contexte, une strat\u00e9gie nationale d\u2019hydrog\u00e8ne est en cours d&#8217;\u00e9laboration depuis 2021.<\/p><\/div>\n\t\t\t\t<\/div>\n\t\t\t\t<\/div>\n\t\t\t\t\t\t<\/div>\n\t\t\t\t\t<\/div>\n\t\t<\/div>\n\t\t\t\t\t\t\t\t<\/div>\n\t\t\t\t\t<\/div>\n\t\t<\/section>\n\t\t\t\t<section class=\"elementor-section elementor-top-section elementor-element elementor-element-6479b9b elementor-section-boxed elementor-section-height-default elementor-section-height-default\" data-id=\"6479b9b\" data-element_type=\"section\">\n\t\t\t\t\t\t<div class=\"elementor-container elementor-column-gap-default\">\n\t\t\t\t\t\t\t<div class=\"elementor-row\">\n\t\t\t\t\t<div class=\"elementor-column elementor-col-100 elementor-top-column elementor-element elementor-element-2765d46\" data-id=\"2765d46\" data-element_type=\"column\">\n\t\t\t<div class=\"elementor-column-wrap elementor-element-populated\">\n\t\t\t\t\t\t\t<div class=\"elementor-widget-wrap\">\n\t\t\t\t\t\t<div class=\"elementor-element elementor-element-2931ded elementor-pagination-position-outside elementor-widget elementor-widget-image-carousel\" data-id=\"2931ded\" data-element_type=\"widget\" data-settings=\"{&quot;slides_to_show&quot;:&quot;1&quot;,&quot;navigation&quot;:&quot;dots&quot;,&quot;autoplay&quot;:&quot;yes&quot;,&quot;pause_on_hover&quot;:&quot;yes&quot;,&quot;pause_on_interaction&quot;:&quot;yes&quot;,&quot;autoplay_speed&quot;:5000,&quot;infinite&quot;:&quot;yes&quot;,&quot;effect&quot;:&quot;slide&quot;,&quot;speed&quot;:500}\" data-widget_type=\"image-carousel.default\">\n\t\t\t\t<div class=\"elementor-widget-container\">\n\t\t\t\t\t<div class=\"elementor-image-carousel-wrapper swiper-container\" dir=\"ltr\">\n\t\t\t<div class=\"elementor-image-carousel swiper-wrapper swiper-image-stretch\">\n\t\t\t\t<div class=\"swiper-slide\"><figure class=\"swiper-slide-inner\"><img class=\"swiper-slide-image\" src=\"https:\/\/ptx-hub.org\/wp-content\/uploads\/2022\/08\/PtX-Hub-in-Algeria-2-\u00a9GIZ-Foued-Bestandji--1024x683.jpg\" alt=\"Copyright by GIZ\" \/><figcaption class=\"elementor-image-carousel-caption\">Copyright by GIZ <\/figcaption><\/figure><\/div><div class=\"swiper-slide\"><figure class=\"swiper-slide-inner\"><img class=\"swiper-slide-image\" src=\"https:\/\/ptx-hub.org\/wp-content\/uploads\/2022\/08\/PtX-Hub-in-Algeria-3-\u00a9GIZ-Foued-Bestandji--1024x683.jpg\" alt=\"Copyright by GIZ \/ Foued Bestandji\" \/><figcaption class=\"elementor-image-carousel-caption\">Copyright by GIZ \/ Foued Bestandji<\/figcaption><\/figure><\/div><div class=\"swiper-slide\"><figure class=\"swiper-slide-inner\"><img class=\"swiper-slide-image\" src=\"https:\/\/ptx-hub.org\/wp-content\/uploads\/2022\/08\/PtX-Hub-in-Algeria-4-\u00a9GIZ-Foued-Bestandji--1024x683.jpg\" alt=\"Copyright by GIZ \/ Foued Bestandji\" \/><figcaption class=\"elementor-image-carousel-caption\">Copyright by GIZ \/ Foued Bestandji<\/figcaption><\/figure><\/div>\t\t\t<\/div>\n\t\t\t\t\t\t\t\t\t\t\t\t<div class=\"swiper-pagination\"><\/div>\n\t\t\t\t\t\t\t\t\t\t\t\t\t<\/div>\n\t\t\t\t<\/div>\n\t\t\t\t<\/div>\n\t\t\t\t<div class=\"elementor-element elementor-element-ebda4af elementor-widget elementor-widget-text-editor\" data-id=\"ebda4af\" data-element_type=\"widget\" data-widget_type=\"text-editor.default\">\n\t\t\t\t<div class=\"elementor-widget-container\">\n\t\t\t\t\t<div class=\"elementor-text-editor elementor-clearfix\"><h3>Le travail du PtX Hub en Alg\u00e9rie en un coup d&#8217;\u0153il:<\/h3>\n<h4><strong>Mise \u00e0 disposition d\u2019une assistance technique sur l\u2019int\u00e9gration de l\u2019aspect \u00ab durabilit\u00e9 \u00bb dans le cadre r\u00e8glementaire, les normes et la certificatio<\/strong>n<\/h4>\n<ul>\n<li>Organisation des conf\u00e9rences, des webinaires et des ateliers sur les crit\u00e8res de durabilit\u00e9 de l&#8217;UE pour les importations d&#8217;hydrog\u00e8ne vert, y compris les normes de s\u00e9curit\u00e9 dans la production, le transport et le stockage de l&#8217;hydrog\u00e8ne vert, de l&#8217;ammoniac et du m\u00e9thanol<\/li>\n<li>Appui \u00e0 l\u2019\u00e9laboration d\u2019une feuille de route r\u00e9glementaire PtX<\/li>\n<\/ul>\n<p><strong>Renforcement des savoirs sur la th\u00e9matique PtX <\/strong><\/p>\n<ul>\n<li>Organisation de la formation de base sur le Power-to-X renouvelable<\/li>\n<li>Organisation des visites d&#8217;\u00e9tudes et de d\u00e9l\u00e9gations en Allemagne<\/li>\n<\/ul>\n<p><strong>Ressources<\/strong><\/p>\n<p><a href=\"https:\/\/www.energypartnership-algeria.org\/fileadmin\/user_upload\/algeria\/21_12_07_Hydrog%C3%A8ne_vert_en_Alg%C3%A9rie_-_Rapport_PE.pdf\">\u00c9tude exploratoire sur le potentiel du Power-to-X (hydrog\u00e8ne vert) pour l\u2019Alg\u00e9rie par le Partenariat Energ\u00e9tique Alg\u00e9ro-Allemand<\/a><\/p><\/div>\n\t\t\t\t<\/div>\n\t\t\t\t<\/div>\n\t\t\t\t\t\t<\/div>\n\t\t\t\t\t<\/div>\n\t\t<\/div>\n\t\t\t\t\t\t\t\t<\/div>\n\t\t\t\t\t<\/div>\n\t\t<\/section>\n\t\t\t\t\t\t<\/div>\n\t\t\t\t\t\t<\/div>\n\t\t\t\t\t<\/div>\n\t\t","protected":false},"excerpt":{"rendered":"<p>Le PtX Hub in Alg\u00e9rie Optimiser les infrastructures et les avantages existants pour d\u00e9velopper le potentiel PtX Dans le cadre &#8230; <a title=\"Le PtX Hub en Alg\u00e9rie\" class=\"read-more\" href=\"https:\/\/ptx-hub.org\/fr\/le-ptx-hub-en-algerie\/\" aria-label=\"More on Le PtX Hub en Alg\u00e9rie\">Beitrag lesen<\/a><\/p>\n","protected":false},"author":17,"featured_media":9076,"parent":0,"menu_order":0,"comment_status":"closed","ping_status":"closed","template":"","meta":[],"tags":[],"projectprogress":[],"ptxproject":[233],"ptxcountry":[],"yoast_head":"<!-- This site is optimized with the Yoast SEO plugin v16.0.2 - https:\/\/yoast.com\/wordpress\/plugins\/seo\/ -->\n<title>Le PtX Hub en Alg\u00e9rie - PtX Hub<\/title>\n<meta name=\"robots\" content=\"index, follow, max-snippet:-1, max-image-preview:large, max-video-preview:-1\" \/>\n<link rel=\"canonical\" href=\"https:\/\/ptx-hub.org\/fr\/le-ptx-hub-en-algerie\/\" \/>\n<meta property=\"og:locale\" content=\"fr_FR\" \/>\n<meta property=\"og:type\" content=\"article\" \/>\n<meta property=\"og:title\" content=\"Le PtX Hub en Alg\u00e9rie - PtX Hub\" \/>\n<meta property=\"og:description\" content=\"Le PtX Hub in Alg\u00e9rie Optimiser les infrastructures et les avantages existants pour d\u00e9velopper le potentiel PtX Dans le cadre ... Beitrag lesen\" \/>\n<meta property=\"og:url\" content=\"https:\/\/ptx-hub.org\/fr\/le-ptx-hub-en-algerie\/\" \/>\n<meta property=\"og:site_name\" content=\"PtX Hub\" \/>\n<meta property=\"article:modified_time\" content=\"2023-05-04T11:52:50+00:00\" \/>\n<meta property=\"og:image\" content=\"https:\/\/ptx-hub.org\/wp-content\/uploads\/2022\/08\/PtX-Hub-in-Algeria-1-\u00a9GIZ-Foued-Bestandji--scaled.jpg\" \/>\n\t<meta property=\"og:image:width\" content=\"2560\" \/>\n\t<meta property=\"og:image:height\" content=\"1707\" \/>\n<meta name=\"twitter:card\" content=\"summary_large_image\" \/>\n<meta name=\"twitter:label1\" content=\"Dur\u00e9e de lecture est.\">\n\t<meta name=\"twitter:data1\" content=\"3 minutes\">\n<script type=\"application\/ld+json\" class=\"yoast-schema-graph\">{\"@context\":\"https:\/\/schema.org\",\"@graph\":[{\"@type\":\"Organization\",\"@id\":\"https:\/\/ptx-hub.org\/#organization\",\"name\":\"International PtX Hub Berlin\",\"url\":\"https:\/\/ptx-hub.org\/\",\"sameAs\":[],\"logo\":{\"@type\":\"ImageObject\",\"@id\":\"https:\/\/ptx-hub.org\/#logo\",\"inLanguage\":\"fr-FR\",\"url\":\"https:\/\/ptx-hub.org\/wp-content\/uploads\/2020\/07\/PtX-Hub-logo-1.svg\",\"width\":237,\"height\":121,\"caption\":\"International PtX Hub Berlin\"},\"image\":{\"@id\":\"https:\/\/ptx-hub.org\/#logo\"}},{\"@type\":\"WebSite\",\"@id\":\"https:\/\/ptx-hub.org\/#website\",\"url\":\"https:\/\/ptx-hub.org\/\",\"name\":\"International PtX Hub Berlin\",\"description\":\"Catalysing defossilisation globally\",\"publisher\":{\"@id\":\"https:\/\/ptx-hub.org\/#organization\"},\"potentialAction\":[{\"@type\":\"SearchAction\",\"target\":\"https:\/\/ptx-hub.org\/?s={search_term_string}\",\"query-input\":\"required name=search_term_string\"}],\"inLanguage\":\"fr-FR\"},{\"@type\":\"ImageObject\",\"@id\":\"https:\/\/ptx-hub.org\/fr\/le-ptx-hub-en-algerie\/#primaryimage\",\"inLanguage\":\"fr-FR\",\"url\":\"https:\/\/ptx-hub.org\/wp-content\/uploads\/2022\/08\/PtX-Hub-in-Algeria-1-\\u00a9GIZ-Foued-Bestandji--scaled.jpg\",\"width\":2560,\"height\":1707,\"caption\":\"Copyright by GIZ \/ Foued Bestandji\"},{\"@type\":\"WebPage\",\"@id\":\"https:\/\/ptx-hub.org\/fr\/le-ptx-hub-en-algerie\/#webpage\",\"url\":\"https:\/\/ptx-hub.org\/fr\/le-ptx-hub-en-algerie\/\",\"name\":\"Le PtX Hub en Alg\\u00e9rie - PtX Hub\",\"isPartOf\":{\"@id\":\"https:\/\/ptx-hub.org\/#website\"},\"primaryImageOfPage\":{\"@id\":\"https:\/\/ptx-hub.org\/fr\/le-ptx-hub-en-algerie\/#primaryimage\"},\"datePublished\":\"2020-10-28T16:54:00+00:00\",\"dateModified\":\"2023-05-04T11:52:50+00:00\",\"breadcrumb\":{\"@id\":\"https:\/\/ptx-hub.org\/fr\/le-ptx-hub-en-algerie\/#breadcrumb\"},\"inLanguage\":\"fr-FR\",\"potentialAction\":[{\"@type\":\"ReadAction\",\"target\":[\"https:\/\/ptx-hub.org\/fr\/le-ptx-hub-en-algerie\/\"]}]},{\"@type\":\"BreadcrumbList\",\"@id\":\"https:\/\/ptx-hub.org\/fr\/le-ptx-hub-en-algerie\/#breadcrumb\",\"itemListElement\":[{\"@type\":\"ListItem\",\"position\":1,\"item\":{\"@type\":\"WebPage\",\"@id\":\"https:\/\/ptx-hub.org\/\",\"url\":\"https:\/\/ptx-hub.org\/\",\"name\":\"Startseite\"}},{\"@type\":\"ListItem\",\"position\":2,\"item\":{\"@type\":\"WebPage\",\"@id\":\"https:\/\/ptx-hub.org\/fr\/le-ptx-hub-en-algerie\/\",\"url\":\"https:\/\/ptx-hub.org\/fr\/le-ptx-hub-en-algerie\/\",\"name\":\"Le PtX Hub en Alg\\u00e9rie\"}}]}]}<\/script>\n<!-- \/ Yoast SEO plugin. -->","_links":{"self":[{"href":"https:\/\/ptx-hub.org\/fr\/wp-json\/wp\/v2\/pages\/12388"}],"collection":[{"href":"https:\/\/ptx-hub.org\/fr\/wp-json\/wp\/v2\/pages"}],"about":[{"href":"https:\/\/ptx-hub.org\/fr\/wp-json\/wp\/v2\/types\/page"}],"author":[{"embeddable":true,"href":"https:\/\/ptx-hub.org\/fr\/wp-json\/wp\/v2\/users\/17"}],"replies":[{"embeddable":true,"href":"https:\/\/ptx-hub.org\/fr\/wp-json\/wp\/v2\/comments?post=12388"}],"version-history":[{"count":8,"href":"https:\/\/ptx-hub.org\/fr\/wp-json\/wp\/v2\/pages\/12388\/revisions"}],"predecessor-version":[{"id":12402,"href":"https:\/\/ptx-hub.org\/fr\/wp-json\/wp\/v2\/pages\/12388\/revisions\/12402"}],"wp:featuredmedia":[{"embeddable":true,"href":"https:\/\/ptx-hub.org\/fr\/wp-json\/wp\/v2\/media\/9076"}],"wp:attachment":[{"href":"https:\/\/ptx-hub.org\/fr\/wp-json\/wp\/v2\/media?parent=12388"}],"wp:term":[{"taxonomy":"post_tag","embeddable":true,"href":"https:\/\/ptx-hub.org\/fr\/wp-json\/wp\/v2\/tags?post=12388"},{"taxonomy":"projectprogress","embeddable":true,"href":"https:\/\/ptx-hub.org\/fr\/wp-json\/wp\/v2\/projectprogress?post=12388"},{"taxonomy":"ptxproject","embeddable":true,"href":"https:\/\/ptx-hub.org\/fr\/wp-json\/wp\/v2\/ptxproject?post=12388"},{"taxonomy":"ptxcountry","embeddable":true,"href":"https:\/\/ptx-hub.org\/fr\/wp-json\/wp\/v2\/ptxcountry?post=12388"}],"curies":[{"name":"wp","href":"https:\/\/api.w.org\/{rel}","templated":true}]}}